{"id":1038,"date":"2024-01-19T11:03:09","date_gmt":"2024-01-19T11:03:09","guid":{"rendered":"https:\/\/targetlife.us\/?page_id=1038"},"modified":"2024-01-30T10:35:05","modified_gmt":"2024-01-30T10:35:05","slug":"blog","status":"publish","type":"page","link":"https:\/\/targetlife.us\/vi\/blog\/","title":{"rendered":"Tin T\u1ee9c"},"content":{"rendered":"<p>Ch\u00e0o m\u1eebng b\u1ea1n \u0111\u1ebfn v\u1edbi blog c\u1ee7a Target Life, n\u01a1i t\u00f4n nghi\u00eam nh\u1eefng hi\u1ec3u bi\u1ebft s\u00e2u s\u1eafc v\u00e0 h\u01b0\u1edbng d\u1eabn. T\u1ea1i \u0111\u00e2y, ch\u00fang t\u00f4i kh\u00e1m ph\u00e1 s\u1ef1 ph\u00e1t tri\u1ec3n c\u00e1 nh\u00e2n, c\u00e1c chi\u1ebfn l\u01b0\u1ee3c thay \u0111\u1ed5i v\u00e0 h\u00e0nh tr\u00ecnh h\u01b0\u1edbng t\u1edbi m\u1ed9t cu\u1ed9c s\u1ed1ng tr\u1ecdn v\u1eb9n. H\u00e3y tham gia c\u00f9ng ch\u00fang t\u00f4i khi ch\u00fang t\u00f4i \u0111\u1ecbnh h\u01b0\u1edbng con \u0111\u01b0\u1eddng kh\u00e1m ph\u00e1 b\u1ea3n th\u00e2n v\u00e0 trao quy\u1ec1n. H\u00e0nh tr\u00ecnh h\u01b0\u1edbng t\u1edbi m\u1ed9t b\u1ea3n th\u00e2n t\u1ed1t h\u01a1n c\u1ee7a b\u1ea1n b\u1eaft \u0111\u1ea7u t\u1eeb \u0111\u00e2y.<\/p><div class=\"wp-block-query margin-bottom-100 is-layout-flow wp-block-query-is-layout-flow\"><ul class=\"columns-2 margin-0 wp-block-post-template is-layout-grid wp-container-core-post-template-is-layout-1 wp-block-post-template-is-layout-grid\"><li class=\"wp-block-post post-1094 post type-post status-publish format-standard has-post-thumbnail hentry category-blog category-numerology\"><div class=\"wp-block-cover is-light has-custom-content-position is-position-top-center feature-block height-column margin-0\"><span aria-hidden=\"true\" class=\"wp-block-cover__background has-white-background-color has-background-dim-0 has-background-dim\"><\/span><div class=\"wp-block-cover__inner-container is-layout-constrained wp-block-cover-is-layout-constrained\"><figure style=\"aspect-ratio:16\/9;\" class=\"round margin-top-0 wp-block-post-featured-image\"><img loading=\"lazy\" decoding=\"async\" width=\"1500\" height=\"1000\" src=\"https:\/\/targetlife.us\/wp-content\/uploads\/numerology-concept-composition.jpg\" class=\"attachment-post-thumbnail size-post-thumbnail wp-post-image\" alt=\"\" style=\"width:100%;height:100%;object-fit:cover;\" srcset=\"https:\/\/targetlife.us\/wp-content\/uploads\/numerology-concept-composition.jpg 1500w, https:\/\/targetlife.us\/wp-content\/uploads\/numerology-concept-composition-300x200.jpg 300w, https:\/\/targetlife.us\/wp-content\/uploads\/numerology-concept-composition-600x400.jpg 600w, https:\/\/targetlife.us\/wp-content\/uploads\/numerology-concept-composition-1024x683.jpg 1024w, https:\/\/targetlife.us\/wp-content\/uploads\/numerology-concept-composition-768x512.jpg 768w\" sizes=\"auto, (max-width: 1500px) 100vw, 1500px\" \/><\/figure>\n\n<div class=\"taxonomy-category margin-bottom-10 wp-block-post-terms has-superbfont-xxsmall-font-size\"><a href=\"https:\/\/targetlife.us\/vi\/category\/blog\/\" rel=\"tag\">Tin T\u1ee9c<\/a><span class=\"wp-block-post-terms__separator\"> <\/span><a href=\"https:\/\/targetlife.us\/vi\/category\/numerology\/\" rel=\"tag\">Th\u1ea7n S\u1ed1 H\u1ecdc<\/a><\/div>\n\n<h4 class=\"margin-top-15 wp-block-post-title\"><a href=\"https:\/\/targetlife.us\/vi\/blog\/cracking-the-code-exploring-the-enigmatic-realm-of-numerology\/\" target=\"_self\" >Cracking the Code: Exploring the Enigmatic Realm of Numerology<\/a><\/h4>\n\n<div class=\"margin-top-25 margin-bottom-0 wp-block-post-excerpt has-superbfont-xxsmall-font-size\"><p class=\"wp-block-post-excerpt__excerpt\">Unveiling the Secrets: Journey into the Enigmatic World of Numerology and Unlocking the Hidden Meanings Behind Numbers. Have you ever wondered if there was a hidden language woven into the&hellip;<\/p><p class=\"wp-block-post-excerpt__more-text\"><a class=\"wp-block-post-excerpt__more-link\" href=\"https:\/\/targetlife.us\/vi\/blog\/cracking-the-code-exploring-the-enigmatic-realm-of-numerology\/\">Read more <i class=\"fas fa-chevron-right\"><\/i><\/a><\/p><\/div><\/div><\/div><\/li><li class=\"wp-block-post post-1090 post type-post status-publish format-standard has-post-thumbnail hentry category-blog category-skills-and-hints\"><div class=\"wp-block-cover is-light has-custom-content-position is-position-top-center feature-block height-column margin-0\"><span aria-hidden=\"true\" class=\"wp-block-cover__background has-white-background-color has-background-dim-0 has-background-dim\"><\/span><div class=\"wp-block-cover__inner-container is-layout-constrained wp-block-cover-is-layout-constrained\"><figure style=\"aspect-ratio:16\/9;\" class=\"round margin-top-0 wp-block-post-featured-image\"><img loading=\"lazy\" decoding=\"async\" width=\"1880\" height=\"1253\" src=\"https:\/\/targetlife.us\/wp-content\/uploads\/pexels-photo-6806570.jpeg\" class=\"attachment-post-thumbnail size-post-thumbnail wp-post-image\" alt=\"\" style=\"width:100%;height:100%;object-fit:cover;\" srcset=\"https:\/\/targetlife.us\/wp-content\/uploads\/pexels-photo-6806570.jpeg 1880w, https:\/\/targetlife.us\/wp-content\/uploads\/pexels-photo-6806570-300x200.jpeg 300w, https:\/\/targetlife.us\/wp-content\/uploads\/pexels-photo-6806570-600x400.jpeg 600w, https:\/\/targetlife.us\/wp-content\/uploads\/pexels-photo-6806570-1024x682.jpeg 1024w, https:\/\/targetlife.us\/wp-content\/uploads\/pexels-photo-6806570-768x512.jpeg 768w, https:\/\/targetlife.us\/wp-content\/uploads\/pexels-photo-6806570-1536x1024.jpeg 1536w\" sizes=\"auto, (max-width: 1880px) 100vw, 1880px\" \/><\/figure>\n\n<div class=\"taxonomy-category margin-bottom-10 wp-block-post-terms has-superbfont-xxsmall-font-size\"><a href=\"https:\/\/targetlife.us\/vi\/category\/blog\/\" rel=\"tag\">Tin T\u1ee9c<\/a><span class=\"wp-block-post-terms__separator\"> <\/span><a href=\"https:\/\/targetlife.us\/vi\/category\/blog\/skills-and-hints\/\" rel=\"tag\">Skills and Hints<\/a><\/div>\n\n<h4 class=\"margin-top-15 wp-block-post-title\"><a href=\"https:\/\/targetlife.us\/vi\/blog\/the-power-of-visualization-how-to-manifest-your-desires-through-mental-imagery\/\" target=\"_self\" >The Power of Visualization: How to Manifest Your Desires Through Mental Imagery<\/a><\/h4>\n\n<div class=\"margin-top-25 margin-bottom-0 wp-block-post-excerpt has-superbfont-xxsmall-font-size\"><p class=\"wp-block-post-excerpt__excerpt\">Do you ever wonder how some people seem to manifest their desires effortlessly? Visualization is a powerful tool that can help you achieve your goals and create the life you\u2019ve&hellip;<\/p><p class=\"wp-block-post-excerpt__more-text\"><a class=\"wp-block-post-excerpt__more-link\" href=\"https:\/\/targetlife.us\/vi\/blog\/the-power-of-visualization-how-to-manifest-your-desires-through-mental-imagery\/\">Read more <i class=\"fas fa-chevron-right\"><\/i><\/a><\/p><\/div><\/div><\/div><\/li><li class=\"wp-block-post post-1086 post type-post status-publish format-standard has-post-thumbnail hentry category-blog category-life-style category-skills-and-hints\"><div class=\"wp-block-cover is-light has-custom-content-position is-position-top-center feature-block height-column margin-0\"><span aria-hidden=\"true\" class=\"wp-block-cover__background has-white-background-color has-background-dim-0 has-background-dim\"><\/span><div class=\"wp-block-cover__inner-container is-layout-constrained wp-block-cover-is-layout-constrained\"><figure style=\"aspect-ratio:16\/9;\" class=\"round margin-top-0 wp-block-post-featured-image\"><img loading=\"lazy\" decoding=\"async\" width=\"1880\" height=\"1253\" src=\"https:\/\/targetlife.us\/wp-content\/uploads\/pexels-photo-799420.jpeg\" class=\"attachment-post-thumbnail size-post-thumbnail wp-post-image\" alt=\"\" style=\"width:100%;height:100%;object-fit:cover;\" srcset=\"https:\/\/targetlife.us\/wp-content\/uploads\/pexels-photo-799420.jpeg 1880w, https:\/\/targetlife.us\/wp-content\/uploads\/pexels-photo-799420-300x200.jpeg 300w, https:\/\/targetlife.us\/wp-content\/uploads\/pexels-photo-799420-600x400.jpeg 600w, https:\/\/targetlife.us\/wp-content\/uploads\/pexels-photo-799420-1024x682.jpeg 1024w, https:\/\/targetlife.us\/wp-content\/uploads\/pexels-photo-799420-768x512.jpeg 768w, https:\/\/targetlife.us\/wp-content\/uploads\/pexels-photo-799420-1536x1024.jpeg 1536w\" sizes=\"auto, (max-width: 1880px) 100vw, 1880px\" \/><\/figure>\n\n<div class=\"taxonomy-category margin-bottom-10 wp-block-post-terms has-superbfont-xxsmall-font-size\"><a href=\"https:\/\/targetlife.us\/vi\/category\/blog\/\" rel=\"tag\">Tin T\u1ee9c<\/a><span class=\"wp-block-post-terms__separator\"> <\/span><a href=\"https:\/\/targetlife.us\/vi\/category\/blog\/life-style\/\" rel=\"tag\">Life Style<\/a><span class=\"wp-block-post-terms__separator\"> <\/span><a href=\"https:\/\/targetlife.us\/vi\/category\/blog\/skills-and-hints\/\" rel=\"tag\">Skills and Hints<\/a><\/div>\n\n<h4 class=\"margin-top-15 wp-block-post-title\"><a href=\"https:\/\/targetlife.us\/vi\/blog\/the-role-of-self-love-in-manifestation-why-loving-yourself-is-essential-for-attracting-abundance\/\" target=\"_self\" >The Role of Self-Love in Manifestation: Why Loving Yourself Is Essential for Attracting Abundance<\/a><\/h4>\n\n<div class=\"margin-top-25 margin-bottom-0 wp-block-post-excerpt has-superbfont-xxsmall-font-size\"><p class=\"wp-block-post-excerpt__excerpt\">The Law of Attraction is a powerful principle that states that our thoughts, feelings, and beliefs shape our reality. One crucial element in this process is self-love. In this blog&hellip;<\/p><p class=\"wp-block-post-excerpt__more-text\"><a class=\"wp-block-post-excerpt__more-link\" href=\"https:\/\/targetlife.us\/vi\/blog\/the-role-of-self-love-in-manifestation-why-loving-yourself-is-essential-for-attracting-abundance\/\">Read more <i class=\"fas fa-chevron-right\"><\/i><\/a><\/p><\/div><\/div><\/div><\/li><li class=\"wp-block-post post-1077 post type-post status-publish format-standard has-post-thumbnail hentry category-blog category-life-style tag-life-style tag-positive-thinking tag-self-help\"><div class=\"wp-block-cover is-light has-custom-content-position is-position-top-center feature-block height-column margin-0\"><span aria-hidden=\"true\" class=\"wp-block-cover__background has-white-background-color has-background-dim-0 has-background-dim\"><\/span><div class=\"wp-block-cover__inner-container is-layout-constrained wp-block-cover-is-layout-constrained\"><figure style=\"aspect-ratio:16\/9;\" class=\"round margin-top-0 wp-block-post-featured-image\"><img loading=\"lazy\" decoding=\"async\" width=\"1880\" height=\"1253\" src=\"https:\/\/targetlife.us\/wp-content\/uploads\/pexels-photo-1236678-1.jpg\" class=\"attachment-post-thumbnail size-post-thumbnail wp-post-image\" alt=\"\" style=\"width:100%;height:100%;object-fit:cover;\" srcset=\"https:\/\/targetlife.us\/wp-content\/uploads\/pexels-photo-1236678-1.jpg 1880w, https:\/\/targetlife.us\/wp-content\/uploads\/pexels-photo-1236678-1-300x200.jpg 300w, https:\/\/targetlife.us\/wp-content\/uploads\/pexels-photo-1236678-1-600x400.jpg 600w, https:\/\/targetlife.us\/wp-content\/uploads\/pexels-photo-1236678-1-1024x682.jpg 1024w, https:\/\/targetlife.us\/wp-content\/uploads\/pexels-photo-1236678-1-768x512.jpg 768w, https:\/\/targetlife.us\/wp-content\/uploads\/pexels-photo-1236678-1-1536x1024.jpg 1536w\" sizes=\"auto, (max-width: 1880px) 100vw, 1880px\" \/><\/figure>\n\n<div class=\"taxonomy-category margin-bottom-10 wp-block-post-terms has-superbfont-xxsmall-font-size\"><a href=\"https:\/\/targetlife.us\/vi\/category\/blog\/\" rel=\"tag\">Tin T\u1ee9c<\/a><span class=\"wp-block-post-terms__separator\"> <\/span><a href=\"https:\/\/targetlife.us\/vi\/category\/blog\/life-style\/\" rel=\"tag\">Life Style<\/a><\/div>\n\n<h4 class=\"margin-top-15 wp-block-post-title\"><a href=\"https:\/\/targetlife.us\/vi\/blog\/how-does-positive-thinking-reduce-stress\/\" target=\"_self\" >How Does Positive Thinking Reduce Stress?<\/a><\/h4>\n\n<div class=\"margin-top-25 margin-bottom-0 wp-block-post-excerpt has-superbfont-xxsmall-font-size\"><p class=\"wp-block-post-excerpt__excerpt\">You have heard that positive thinking can have an amazingly powerful effect on your life. However, you are not buying into all that \u201cgood thoughts\u201d power, you need proof. How&hellip;<\/p><p class=\"wp-block-post-excerpt__more-text\"><a class=\"wp-block-post-excerpt__more-link\" href=\"https:\/\/targetlife.us\/vi\/blog\/how-does-positive-thinking-reduce-stress\/\">Read more <i class=\"fas fa-chevron-right\"><\/i><\/a><\/p><\/div><\/div><\/div><\/li><li class=\"wp-block-post post-1028 post type-post status-publish format-standard has-post-thumbnail hentry category-blog category-numerology tag-number-1 tag-numbers tag-numerology\"><div class=\"wp-block-cover is-light has-custom-content-position is-position-top-center feature-block height-column margin-0\"><span aria-hidden=\"true\" class=\"wp-block-cover__background has-white-background-color has-background-dim-0 has-background-dim\"><\/span><div class=\"wp-block-cover__inner-container is-layout-constrained wp-block-cover-is-layout-constrained\"><figure style=\"aspect-ratio:16\/9;\" class=\"round margin-top-0 wp-block-post-featured-image\"><img loading=\"lazy\" decoding=\"async\" width=\"1546\" height=\"1031\" src=\"https:\/\/targetlife.us\/wp-content\/uploads\/2150828427.jpg\" class=\"attachment-post-thumbnail size-post-thumbnail wp-post-image\" alt=\"\" style=\"width:100%;height:100%;object-fit:cover;\" srcset=\"https:\/\/targetlife.us\/wp-content\/uploads\/2150828427.jpg 1546w, https:\/\/targetlife.us\/wp-content\/uploads\/2150828427-300x200.jpg 300w, https:\/\/targetlife.us\/wp-content\/uploads\/2150828427-600x400.jpg 600w, https:\/\/targetlife.us\/wp-content\/uploads\/2150828427-1024x683.jpg 1024w, https:\/\/targetlife.us\/wp-content\/uploads\/2150828427-768x512.jpg 768w, https:\/\/targetlife.us\/wp-content\/uploads\/2150828427-1536x1024.jpg 1536w\" sizes=\"auto, (max-width: 1546px) 100vw, 1546px\" \/><\/figure>\n\n<div class=\"taxonomy-category margin-bottom-10 wp-block-post-terms has-superbfont-xxsmall-font-size\"><a href=\"https:\/\/targetlife.us\/vi\/category\/blog\/\" rel=\"tag\">Tin T\u1ee9c<\/a><span class=\"wp-block-post-terms__separator\"> <\/span><a href=\"https:\/\/targetlife.us\/vi\/category\/numerology\/\" rel=\"tag\">Th\u1ea7n S\u1ed1 H\u1ecdc<\/a><\/div>\n\n<h4 class=\"margin-top-15 wp-block-post-title\"><a href=\"https:\/\/targetlife.us\/vi\/blog\/unveiling-the-power-of-energy-number-1-in-numerology\/\" target=\"_self\" >Unveiling the Power of Energy Number&nbsp;1 in Numerology<\/a><\/h4>\n\n<div class=\"margin-top-25 margin-bottom-0 wp-block-post-excerpt has-superbfont-xxsmall-font-size\"><p class=\"wp-block-post-excerpt__excerpt\">Numerology, the ancient practice of divining meaning from numbers, has been used for centuries to explore the mystical connections between numbers and the events of our lives. Each number holds&hellip;<\/p><p class=\"wp-block-post-excerpt__more-text\"><a class=\"wp-block-post-excerpt__more-link\" href=\"https:\/\/targetlife.us\/vi\/blog\/unveiling-the-power-of-energy-number-1-in-numerology\/\">Read more <i class=\"fas fa-chevron-right\"><\/i><\/a><\/p><\/div><\/div><\/div><\/li><\/ul>\n\n\n\n<\/div>","protected":false},"excerpt":{"rendered":"<p>Welcome to Target Life\u2019s blog, a sanctuary of insights and guidance. Here, we explore personal growth, transformative strategies, and the journey to a fulfilled life. Join us as we navigate&hellip;<\/p>","protected":false},"author":3,"featured_media":0,"parent":0,"menu_order":0,"comment_status":"open","ping_status":"closed","template":"","meta":{"_uag_custom_page_level_css":"","footnotes":""},"class_list":["post-1038","page","type-page","status-publish","hentry"],"uagb_featured_image_src":{"full":false,"thumbnail":false,"medium":false,"medium_large":false,"large":false,"1536x1536":false,"2048x2048":false,"trp-custom-language-flag":false,"woocommerce_thumbnail":false,"woocommerce_single":false,"woocommerce_gallery_thumbnail":false},"uagb_author_info":{"display_name":"Vicky Chonburi Nguy\u1ec5n","author_link":"https:\/\/targetlife.us\/vi\/author\/targetlife777gmail-com\/"},"uagb_comment_info":37,"uagb_excerpt":"Welcome to Target Life\u2019s blog, a sanctuary of insights and guidance. Here, we explore personal growth, transformative strategies, and the journey to a fulfilled life. Join us as we navigate&hellip;","_links":{"self":[{"href":"https:\/\/targetlife.us\/vi\/wp-json\/wp\/v2\/pages\/1038","targetHints":{"allow":["GET"]}}],"collection":[{"href":"https:\/\/targetlife.us\/vi\/wp-json\/wp\/v2\/pages"}],"about":[{"href":"https:\/\/targetlife.us\/vi\/wp-json\/wp\/v2\/types\/page"}],"author":[{"embeddable":true,"href":"https:\/\/targetlife.us\/vi\/wp-json\/wp\/v2\/users\/3"}],"replies":[{"embeddable":true,"href":"https:\/\/targetlife.us\/vi\/wp-json\/wp\/v2\/comments?post=1038"}],"version-history":[{"count":17,"href":"https:\/\/targetlife.us\/vi\/wp-json\/wp\/v2\/pages\/1038\/revisions"}],"predecessor-version":[{"id":1294,"href":"https:\/\/targetlife.us\/vi\/wp-json\/wp\/v2\/pages\/1038\/revisions\/1294"}],"wp:attachment":[{"href":"https:\/\/targetlife.us\/vi\/wp-json\/wp\/v2\/media?parent=1038"}],"curies":[{"name":"wp","href":"https:\/\/api.w.org\/{rel}","templated":true}]}}