{"id":1388,"date":"2024-02-01T11:53:47","date_gmt":"2024-02-01T11:53:47","guid":{"rendered":"https:\/\/targetlife.us\/?page_id=1388"},"modified":"2024-02-04T05:56:50","modified_gmt":"2024-02-04T05:56:50","slug":"numerology","status":"publish","type":"page","link":"https:\/\/targetlife.us\/vi\/numerology\/","title":{"rendered":"Th\u1ea7n S\u1ed1 H\u1ecdc"},"content":{"rendered":"<div class=\"wp-block-cover alignfull is-light content-width-cover padding-top-75 padding-bottom-75 has-white-color has-text-color has-link-color wp-elements-0b5ccd2b1290363b69f8a6ad77f78d61\" style=\"min-height:50px;aspect-ratio:unset;\"><span aria-hidden=\"true\" class=\"wp-block-cover__background has-color-primary-background-color has-background-dim-90 has-background-dim\"><\/span><div class=\"wp-block-cover__inner-container is-layout-constrained wp-block-cover-is-layout-constrained\"><p class=\"has-text-align-center has-superbfont-medium-font-size\">B\u1ea1n \u0111\u00e3 bao gi\u1edd c\u1ea3m th\u1ea5y c\u00f3 m\u1ed9t m\u1ed1i li\u00ean h\u1ec7 th\u1ea7n b\u00ed v\u1edbi m\u1ed9t con s\u1ed1, nh\u01b0 th\u1ec3 n\u00f3 ch\u1ee9a \u0111\u1ef1ng m\u1ed9t th\u00f4ng \u0111i\u1ec7p b\u00ed m\u1eadt ch\u1ec9 d\u00e0nh ri\u00eang cho b\u1ea1n ch\u01b0a? Ch\u00e0o m\u1eebng b\u1ea1n \u0111\u1ebfn v\u1edbi th\u1ebf gi\u1edbi s\u1ed1 h\u1ecdc, n\u01a1i c\u00e1c con s\u1ed1 l\u00e0 c\u00f4ng c\u1ee5 h\u1eefu hi\u1ec7u c\u00f3 th\u1ec3 thay \u0111\u1ed5i cu\u1ed9c s\u1ed1ng c\u1ee7a b\u1ea1n. Ch\u00fang ta s\u1ebd kh\u00e1m ph\u00e1 b\u1ea3n ch\u1ea5t c\u1ee7a s\u1ed1 h\u1ecdc, c\u00e1ch n\u00f3 c\u00f3 th\u1ec3 \u0111\u00f3ng vai tr\u00f2 nh\u01b0 m\u1ed9t hu\u1ea5n luy\u1ec7n vi\u00ean cu\u1ed9c s\u1ed1ng v\u00e0 nh\u1eefng \u1ee9ng d\u1ee5ng th\u1ef1c t\u1ebf c\u1ee7a n\u00f3.<\/p><\/div><\/div><div class=\"wp-block-uagb-separator uagb-block-cec666cc wp-block-uagb-separator--text margin-top-75 margin-bottom-50\"><div class=\"wp-block-uagb-separator__inner\" style=\"--my-background-image:\"><div class=\"wp-block-uagb-separator-element\"><h3 class=\"uagb-html-tag\">Kh\u00e1m Ph\u00e1 D\u1ecbch V\u1ee5 C\u1ee7a Ch\u00fang T\u00f4i<\/h3><\/div><\/div><\/div><div class=\"wp-block-query is-layout-flow wp-block-query-is-layout-flow\"><ul class=\"columns-2 gap-15 wp-block-post-template is-layout-grid wp-container-core-post-template-is-layout-1 wp-block-post-template-is-layout-grid\"><li class=\"wp-block-post post-1370 page type-page status-publish has-post-thumbnail hentry\"><div class=\"wp-block-columns margin-bottom-10 border-bottom border-light is-layout-flex wp-container-core-columns-is-layout-1 wp-block-columns-is-layout-flex\"><div class=\"wp-block-column is-layout-flow wp-block-column-is-layout-flow\" style=\"flex-basis:40%\"><figure class=\"wp-block-post-featured-image\"><a href=\"https:\/\/targetlife.us\/vi\/numerology\/standard\/\" target=\"_self\"  ><img loading=\"lazy\" decoding=\"async\" width=\"2000\" height=\"1700\" src=\"https:\/\/targetlife.us\/wp-content\/uploads\/Report-Standard.png\" class=\"attachment-post-thumbnail size-post-thumbnail wp-post-image\" alt=\"Self-Understanding\" style=\"object-fit:cover;\" srcset=\"https:\/\/targetlife.us\/wp-content\/uploads\/Report-Standard.png 2000w, https:\/\/targetlife.us\/wp-content\/uploads\/Report-Standard-300x255.png 300w, https:\/\/targetlife.us\/wp-content\/uploads\/Report-Standard-1024x870.png 1024w, https:\/\/targetlife.us\/wp-content\/uploads\/Report-Standard-768x653.png 768w, https:\/\/targetlife.us\/wp-content\/uploads\/Report-Standard-1536x1306.png 1536w, https:\/\/targetlife.us\/wp-content\/uploads\/Report-Standard-600x510.png 600w\" sizes=\"auto, (max-width: 2000px) 100vw, 2000px\" \/><\/a><\/figure><\/div>\n\n<div class=\"wp-block-column is-layout-flow wp-block-column-is-layout-flow\"><h4 class=\"margin-top-0 wp-block-post-title has-superbfont-xsmall-font-size\"><a href=\"https:\/\/targetlife.us\/vi\/numerology\/standard\/\" target=\"_self\" >Th\u1ea5u Hi\u1ec3u B\u1ea3n Th\u00e2n<\/a><\/h4>\n\n<div class=\"wp-block-post-excerpt has-superbfont-xxsmall-font-size\"><p class=\"wp-block-post-excerpt__excerpt\">T\u00ecm hi\u1ec3u c\u00e1ch t\u00ecm ra m\u1ee5c \u0111\u00edch, gi\u00e1 tr\u1ecb v\u00e0 \u0111\u1ed9ng l\u1ef1c c\u1ee7a b\u1ea1n. \u0110\u1ea1t \u0111\u01b0\u1ee3c t\u1ea7m nh\u00ecn v\u00e0 m\u1ee5c ti\u00eau c\u1ee7a b\u1ea1n v\u1edbi s\u1ef1 hi\u1ec3u bi\u1ebft s\u00e2u s\u1eafc h\u01a1n v\u1ec1 c\u1ed1t l\u00f5i c\u1ee7a b\u1ea1n\u2026 <a class=\"wp-block-post-excerpt__more-link\" href=\"https:\/\/targetlife.us\/vi\/numerology\/standard\/\">Kh\u00e1m ph\u00e1 n\u00f3 NGAY B\u00c2Y GI\u1edc!<\/a><\/p><\/div><\/div><\/div><\/li><li class=\"wp-block-post post-1537 page type-page status-publish has-post-thumbnail hentry\"><div class=\"wp-block-columns margin-bottom-10 border-bottom border-light is-layout-flex wp-container-core-columns-is-layout-2 wp-block-columns-is-layout-flex\"><div class=\"wp-block-column is-layout-flow wp-block-column-is-layout-flow\" style=\"flex-basis:40%\"><figure class=\"wp-block-post-featured-image\"><a href=\"https:\/\/targetlife.us\/vi\/numerology\/couple\/\" target=\"_self\"  ><img loading=\"lazy\" decoding=\"async\" width=\"2000\" height=\"1700\" src=\"https:\/\/targetlife.us\/wp-content\/uploads\/Report-Relationship.png\" class=\"attachment-post-thumbnail size-post-thumbnail wp-post-image\" alt=\"Building Relationships\" style=\"object-fit:cover;\" srcset=\"https:\/\/targetlife.us\/wp-content\/uploads\/Report-Relationship.png 2000w, https:\/\/targetlife.us\/wp-content\/uploads\/Report-Relationship-300x255.png 300w, https:\/\/targetlife.us\/wp-content\/uploads\/Report-Relationship-1024x870.png 1024w, https:\/\/targetlife.us\/wp-content\/uploads\/Report-Relationship-768x653.png 768w, https:\/\/targetlife.us\/wp-content\/uploads\/Report-Relationship-1536x1306.png 1536w, https:\/\/targetlife.us\/wp-content\/uploads\/Report-Relationship-600x510.png 600w\" sizes=\"auto, (max-width: 2000px) 100vw, 2000px\" \/><\/a><\/figure><\/div>\n\n<div class=\"wp-block-column is-layout-flow wp-block-column-is-layout-flow\"><h4 class=\"margin-top-0 wp-block-post-title has-superbfont-xsmall-font-size\"><a href=\"https:\/\/targetlife.us\/vi\/numerology\/couple\/\" target=\"_self\" >X\u00e2y D\u1ef1ng M\u1ed1i Quan H\u1ec7<\/a><\/h4>\n\n<div class=\"wp-block-post-excerpt has-superbfont-xxsmall-font-size\"><p class=\"wp-block-post-excerpt__excerpt\">Nu\u00f4i d\u01b0\u1ee1ng m\u1ed1i li\u00ean k\u1ebft b\u1ec1n ch\u1eb7t: H\u00e0nh tr\u00ecnh x\u00e2y d\u1ef1ng m\u1ed1i quan h\u1ec7. Kh\u00e1m ph\u00e1 c\u00e1c ph\u01b0\u01a1ng ph\u00e1p hi\u1ec7u qu\u1ea3 \u0111\u1ec3 th\u00fac \u0111\u1ea9y c\u00e1c k\u1ebft n\u1ed1i s\u00e2u s\u1eafc v\u00e0 c\u00f3 t\u00e1c \u0111\u1ed9ng. Kh\u00e1m ph\u00e1 ngh\u1ec7 thu\u1eadt\u2026 <a class=\"wp-block-post-excerpt__more-link\" href=\"https:\/\/targetlife.us\/vi\/numerology\/couple\/\">Kh\u00e1m ph\u00e1 n\u00f3 NGAY B\u00c2Y GI\u1edc!<\/a><\/p><\/div><\/div><\/div><\/li><li class=\"wp-block-post post-1538 page type-page status-publish has-post-thumbnail hentry\"><div class=\"wp-block-columns margin-bottom-10 border-bottom border-light is-layout-flex wp-container-core-columns-is-layout-3 wp-block-columns-is-layout-flex\"><div class=\"wp-block-column is-layout-flow wp-block-column-is-layout-flow\" style=\"flex-basis:40%\"><figure class=\"wp-block-post-featured-image\"><a href=\"https:\/\/targetlife.us\/vi\/numerology\/kid\/\" target=\"_self\"  ><img loading=\"lazy\" decoding=\"async\" width=\"2000\" height=\"1700\" src=\"https:\/\/targetlife.us\/wp-content\/uploads\/Report-Kids.png\" class=\"attachment-post-thumbnail size-post-thumbnail wp-post-image\" alt=\"Children\u2019s Psychology\" style=\"object-fit:cover;\" srcset=\"https:\/\/targetlife.us\/wp-content\/uploads\/Report-Kids.png 2000w, https:\/\/targetlife.us\/wp-content\/uploads\/Report-Kids-300x255.png 300w, https:\/\/targetlife.us\/wp-content\/uploads\/Report-Kids-1024x870.png 1024w, https:\/\/targetlife.us\/wp-content\/uploads\/Report-Kids-768x653.png 768w, https:\/\/targetlife.us\/wp-content\/uploads\/Report-Kids-1536x1306.png 1536w, https:\/\/targetlife.us\/wp-content\/uploads\/Report-Kids-600x510.png 600w\" sizes=\"auto, (max-width: 2000px) 100vw, 2000px\" \/><\/a><\/figure><\/div>\n\n<div class=\"wp-block-column is-layout-flow wp-block-column-is-layout-flow\"><h4 class=\"margin-top-0 wp-block-post-title has-superbfont-xsmall-font-size\"><a href=\"https:\/\/targetlife.us\/vi\/numerology\/kid\/\" target=\"_self\" >Th\u1ea5u Hi\u1ec3u Con C\u00e1i<\/a><\/h4>\n\n<div class=\"wp-block-post-excerpt has-superbfont-xxsmall-font-size\"><p class=\"wp-block-post-excerpt__excerpt\">Gi\u1ea3i ph\u00f3ng ti\u1ec1m n\u0103ng c\u1ee7a m\u1ecdi \u0111\u1ee9a tr\u1ebb: Kh\u00e1m ph\u00e1 s\u1ef1 k\u1ebft h\u1ee3p \u0111\u1eb7c bi\u1ec7t gi\u1eefa s\u1ee9c m\u1ea1nh v\u00e0 b\u1ea3n n\u0103ng t\u1ea1o n\u00ean n\u00e9t \u0111\u1eb7c tr\u01b0ng c\u1ee7a m\u1ed7i \u0111\u1ee9a tr\u1ebb. M\u1edf kh\u00f3a c\u00e1c chi\u1ebfn l\u01b0\u1ee3c \u0111\u1ec3\u2026 <a class=\"wp-block-post-excerpt__more-link\" href=\"https:\/\/targetlife.us\/vi\/numerology\/kid\/\">Kh\u00e1m ph\u00e1 n\u00f3 NGAY B\u00c2Y GI\u1edc!<\/a><\/p><\/div><\/div><\/div><\/li><li class=\"wp-block-post post-1535 page type-page status-publish has-post-thumbnail hentry\"><div class=\"wp-block-columns margin-bottom-10 border-bottom border-light is-layout-flex wp-container-core-columns-is-layout-4 wp-block-columns-is-layout-flex\"><div class=\"wp-block-column is-layout-flow wp-block-column-is-layout-flow\" style=\"flex-basis:40%\"><figure class=\"wp-block-post-featured-image\"><a href=\"https:\/\/targetlife.us\/vi\/numerology\/sales\/\" target=\"_self\"  ><img loading=\"lazy\" decoding=\"async\" width=\"2000\" height=\"1700\" src=\"https:\/\/targetlife.us\/wp-content\/uploads\/Report-Sales.png\" class=\"attachment-post-thumbnail size-post-thumbnail wp-post-image\" alt=\"Success in Sales\" style=\"object-fit:cover;\" srcset=\"https:\/\/targetlife.us\/wp-content\/uploads\/Report-Sales.png 2000w, https:\/\/targetlife.us\/wp-content\/uploads\/Report-Sales-300x255.png 300w, https:\/\/targetlife.us\/wp-content\/uploads\/Report-Sales-1024x870.png 1024w, https:\/\/targetlife.us\/wp-content\/uploads\/Report-Sales-768x653.png 768w, https:\/\/targetlife.us\/wp-content\/uploads\/Report-Sales-1536x1306.png 1536w, https:\/\/targetlife.us\/wp-content\/uploads\/Report-Sales-600x510.png 600w\" sizes=\"auto, (max-width: 2000px) 100vw, 2000px\" \/><\/a><\/figure><\/div>\n\n<div class=\"wp-block-column is-layout-flow wp-block-column-is-layout-flow\"><h4 class=\"margin-top-0 wp-block-post-title has-superbfont-xsmall-font-size\"><a href=\"https:\/\/targetlife.us\/vi\/numerology\/sales\/\" target=\"_self\" >Th\u1ea5u Hi\u1ec3u Kh\u00e1ch H\u00e0ng<\/a><\/h4>\n\n<div class=\"wp-block-post-excerpt has-superbfont-xxsmall-font-size\"><p class=\"wp-block-post-excerpt__excerpt\">Ti\u1ebft l\u1ed9 nh\u1eefng hi\u1ec3u bi\u1ebft \u0111\u00e1ng kinh ng\u1ea1c! \u0110i s\u00e2u v\u00e0o th\u1ebf gi\u1edbi s\u1ed1 h\u1ecdc \u0111\u1ec3 hi\u1ec3u s\u00e2u h\u01a1n v\u1ec1 kh\u00e1ch h\u00e0ng c\u1ee7a b\u1ea1n. Kh\u00e1m ph\u00e1 c\u00e1ch\u2026 <a class=\"wp-block-post-excerpt__more-link\" href=\"https:\/\/targetlife.us\/vi\/numerology\/sales\/\">Kh\u00e1m ph\u00e1 n\u00f3 NGAY B\u00c2Y GI\u1edc!<\/a><\/p><\/div><\/div><\/div><\/li><li class=\"wp-block-post post-1536 page type-page status-publish has-post-thumbnail hentry\"><div class=\"wp-block-columns margin-bottom-10 border-bottom border-light is-layout-flex wp-container-core-columns-is-layout-5 wp-block-columns-is-layout-flex\"><div class=\"wp-block-column is-layout-flow wp-block-column-is-layout-flow\" style=\"flex-basis:40%\"><figure class=\"wp-block-post-featured-image\"><a href=\"https:\/\/targetlife.us\/vi\/numerology\/career\/\" target=\"_self\"  ><img loading=\"lazy\" decoding=\"async\" width=\"2000\" height=\"1700\" src=\"https:\/\/targetlife.us\/wp-content\/uploads\/Report-Career.png\" class=\"attachment-post-thumbnail size-post-thumbnail wp-post-image\" alt=\"Career Orientation\" style=\"object-fit:cover;\" srcset=\"https:\/\/targetlife.us\/wp-content\/uploads\/Report-Career.png 2000w, https:\/\/targetlife.us\/wp-content\/uploads\/Report-Career-300x255.png 300w, https:\/\/targetlife.us\/wp-content\/uploads\/Report-Career-1024x870.png 1024w, https:\/\/targetlife.us\/wp-content\/uploads\/Report-Career-768x653.png 768w, https:\/\/targetlife.us\/wp-content\/uploads\/Report-Career-1536x1306.png 1536w, https:\/\/targetlife.us\/wp-content\/uploads\/Report-Career-600x510.png 600w\" sizes=\"auto, (max-width: 2000px) 100vw, 2000px\" \/><\/a><\/figure><\/div>\n\n<div class=\"wp-block-column is-layout-flow wp-block-column-is-layout-flow\"><h4 class=\"margin-top-0 wp-block-post-title has-superbfont-xsmall-font-size\"><a href=\"https:\/\/targetlife.us\/vi\/numerology\/career\/\" target=\"_self\" >C\u01a1 H\u1ed9i Ngh\u1ec1 Nghi\u1ec7p<\/a><\/h4>\n\n<div class=\"wp-block-post-excerpt has-superbfont-xxsmall-font-size\"><p class=\"wp-block-post-excerpt__excerpt\">Gi\u1ea3i m\u00e3 m\u00e3 \u0111\u1ec3 th\u00e0nh c\u00f4ng, ti\u1ebft l\u1ed9 nh\u1eefng con s\u1ed1 tr\u00ean con \u0111\u01b0\u1eddng c\u1ee7a b\u1ea1n \u0111\u1ec3 c\u00f3 \u0111\u01b0\u1ee3c s\u1ef1 nghi\u1ec7p r\u00f5 r\u00e0ng! Kh\u00e1m ph\u00e1 s\u1ee9c m\u1ea1nh bi\u1ebfn \u0111\u1ed5i c\u1ee7a c\u00e1c con s\u1ed1 c\u1ee7a b\u1ea1n khi\u2026 <a class=\"wp-block-post-excerpt__more-link\" href=\"https:\/\/targetlife.us\/vi\/numerology\/career\/\">Kh\u00e1m ph\u00e1 n\u00f3 NGAY B\u00c2Y GI\u1edc!<\/a><\/p><\/div><\/div><\/div><\/li><\/ul>\n\n\n\n<\/div><p class=\"margin-top-75\">S\u1ed1 h\u1ecdc Pythagore, m\u1ed9t ph\u01b0\u01a1ng ph\u00e1p th\u1ef1c h\u00e0nh c\u00f3 ngu\u1ed3n g\u1ed1c t\u1eeb Hy L\u1ea1p c\u1ed5 \u0111\u1ea1i. \u0110\u00f3 l\u00e0 m\u1ed9t khoa h\u1ecdc si\u00eau h\u00ecnh kh\u00e1m ph\u00e1 \u00fd ngh\u0129a huy\u1ec1n b\u00ed c\u1ee7a c\u00e1c con s\u1ed1 v\u00e0 \u1ea3nh h\u01b0\u1edfng c\u1ee7a ch\u00fang \u0111\u1ed1i v\u1edbi cu\u1ed9c s\u1ed1ng v\u00e0 c\u00e1c s\u1ef1 ki\u1ec7n c\u1ee7a con ng\u01b0\u1eddi. T\u1ea1i&nbsp;<strong>Target Life<\/strong>, ch\u00fang t\u00f4i \u0111\u00e3 \u00e1p d\u1ee5ng tr\u00ed tu\u1ec7 v\u01b0\u1ee3t th\u1eddi gian n\u00e0y v\u00e0 t\u00edch h\u1ee3p n\u00f3 v\u00e0o c\u00e1ch ti\u1ebfp c\u1eadn \u0111\u1ed9c \u0111\u00e1o c\u1ee7a ch\u00fang t\u00f4i \u0111\u1ec3 ph\u00e1t tri\u1ec3n c\u00e1 nh\u00e2n v\u00e0 ngh\u1ec1 nghi\u1ec7p. Ch\u00fang t\u00f4i tin r\u1eb1ng nh\u1eefng con s\u1ed1 n\u1eafm gi\u1eef ch\u00eca kh\u00f3a \u0111\u1ec3 hi\u1ec3u b\u1ea3n th\u00e2n v\u00e0 th\u1ebf gi\u1edbi xung quanh m\u1ed9t c\u00e1ch s\u00e2u s\u1eafc v\u00e0 c\u00f3 \u00fd ngh\u0129a.<\/p><p>\u0110\u1ed9i ng\u0169 c\u00e1c nh\u00e0 s\u1ed1 h\u1ecdc v\u00e0 hu\u1ea5n luy\u1ec7n vi\u00ean cu\u1ed9c s\u1ed1ng t\u1eadn t\u00e2m c\u1ee7a ch\u00fang t\u00f4i \u00e1p d\u1ee5ng c\u00e1c nguy\u00ean t\u1eafc c\u1ee7a S\u1ed1 h\u1ecdc Pythagore \u0111\u1ec3 cung c\u1ea5p nh\u1eefng hi\u1ec3u bi\u1ebft s\u00e2u s\u1eafc v\u1ec1 \u0111\u1eb7c \u0111i\u1ec3m t\u00ednh c\u00e1ch, nh\u1eefng th\u00e1ch th\u1ee9c ti\u1ec1m \u1ea9n v\u00e0 nh\u1eefng c\u01a1 h\u1ed9i ch\u01b0a \u0111\u01b0\u1ee3c khai th\u00e1c. Ch\u00fang t\u00f4i cung c\u1ea5p h\u01b0\u1edbng d\u1eabn \u0111\u01b0\u1ee3c c\u00e1 nh\u00e2n h\u00f3a \u0111\u1ec3 gi\u00fap kh\u00e1ch h\u00e0ng \u0111i\u1ec1u h\u01b0\u1edbng h\u00e0nh tr\u00ecnh cu\u1ed9c s\u1ed1ng v\u1edbi s\u1ef1 t\u1ef1 nh\u1eadn th\u1ee9c v\u00e0 t\u1ef1 tin cao h\u01a1n.<\/p><div class=\"wp-block-cover alignfull is-light content-width-cover padding-top-75 padding-bottom-75 margin-top-75 margin-bottom-0 has-white-color has-text-color has-link-color wp-elements-5583f05a59a98dfc7286a67059f212db\" style=\"min-height:50px;aspect-ratio:unset;\"><span aria-hidden=\"true\" class=\"wp-block-cover__background has-color-primary-background-color has-background-dim-90 has-background-dim\"><\/span><div class=\"wp-block-cover__inner-container is-layout-constrained wp-block-cover-is-layout-constrained\"><div class=\"wp-block-columns are-vertically-aligned-top gap-0 is-layout-flex wp-container-core-columns-is-layout-6 wp-block-columns-is-layout-flex\"><div class=\"wp-block-column is-vertically-aligned-top padding-20 is-layout-flow wp-block-column-is-layout-flow\"><h4 class=\"wp-block-heading\">B\u1ea3n Ch\u1ea5t C\u1ee7a S\u1ed1 H\u1ecdc<\/h4>\n\n<p class=\"has-text-align-left\">S\u1ed1 h\u1ecdc, c\u00f3 ni\u00ean \u0111\u1ea1i t\u1eeb c\u00e1c n\u1ec1n v\u0103n minh c\u1ed5 \u0111\u1ea1i nh\u01b0 Babylon v\u00e0 Ai C\u1eadp, coi c\u00e1c con s\u1ed1 l\u00e0 nh\u1eefng rung \u0111\u1ed9ng tr\u00e0n \u0111\u1ea7y n\u0103ng l\u01b0\u1ee3ng, m\u1ed7i con s\u1ed1 mang m\u1ed9t n\u0103ng l\u01b0\u1ee3ng ri\u00eang. B\u1eb1ng c\u00e1ch hi\u1ec3u kh\u00e1i ni\u1ec7m n\u00e0y, ch\u00fang t\u00f4i gi\u1ea3i m\u00e3 s\u1ed1 c\u00e1 nh\u00e2n t\u1eeb ng\u00e0y sinh, t\u00ean v\u00e0 \u0111\u1ecba ch\u1ec9 \u0111\u1ec3 hi\u1ec3u r\u00f5 h\u01a1n v\u1ec1 \u0111\u1eb7c \u0111i\u1ec3m, th\u00e1ch th\u1ee9c v\u00e0 ti\u1ec1m n\u0103ng c\u1ee7a ch\u00fang t\u00f4i.<\/p><\/div>\n\n<div class=\"wp-block-column is-vertically-aligned-top padding-20 is-layout-flow wp-block-column-is-layout-flow\"><h4 class=\"wp-block-heading\">T\u00ecm Ki\u1ebfm H\u01b0\u1edbng D\u1eabn T\u1eeb Th\u1ea7n S\u1ed1 H\u1ecdc<\/h4>\n\n<p class=\"has-text-align-left\">Con s\u1ed1 \u0110\u01b0\u1eddng \u0111\u1eddi c\u1ee7a S\u1ed1 h\u1ecdc, b\u1eaft ngu\u1ed3n t\u1eeb ng\u00e0y sinh c\u1ee7a b\u1ea1n, ti\u1ebft l\u1ed9 m\u1ee5c \u0111\u00edch cu\u1ed9c \u0111\u1eddi b\u1ea1n. M\u1ed7i S\u1ed1 \u0110\u01b0\u1eddng \u0110\u1eddi c\u00f3 nh\u1eefng \u0111\u1eb7c \u0111i\u1ec3m ri\u00eang. M\u00e3 s\u1ed1 T\u00ednh c\u00e1ch, \u0111\u01b0\u1ee3c t\u00ednh t\u1eeb t\u00ean khai sinh c\u1ee7a b\u1ea1n, s\u1ebd ti\u1ebft l\u1ed9 c\u00e1c ki\u1ec3u h\u00e0nh vi h\u00ecnh th\u00e0nh n\u00ean t\u00ednh c\u00e1ch c\u1ee7a b\u1ea1n.<\/p><\/div>\n\n<div class=\"wp-block-column is-vertically-aligned-top padding-20 is-layout-flow wp-block-column-is-layout-flow\"><h4 class=\"wp-block-heading\">S\u1ed1 H\u1ecdc \u0110\u1ec3 \u0110i\u1ec1u H\u01b0\u1edbng Nh\u1eefng Th\u00e1ch Th\u1ee9c C\u1ee7a Cu\u1ed9c S\u1ed1ng<\/h4>\n\n<p class=\"has-text-align-left\">S\u1ed1 h\u1ecdc gi\u00fap ch\u00fang ta kh\u00e1m ph\u00e1 c\u00e1c S\u1ed1 Bi\u1ec3u th\u1ee9c, cung c\u1ea5p th\u00f4ng tin chi ti\u1ebft v\u1ec1 \u0111i\u1ec3m m\u1ea1nh, \u0111i\u1ec3m y\u1ebfu v\u00e0 nh\u1eefng tr\u1edf ng\u1ea1i ti\u1ec1m \u1ea9n. Ki\u1ebfn th\u1ee9c n\u00e0y cho ph\u00e9p ch\u00fang ta \u0111\u01b0a ra nh\u1eefng quy\u1ebft \u0111\u1ecbnh s\u00e1ng su\u1ed1t v\u00e0 t\u1ef1 tin ti\u1ebfp c\u1eadn nh\u1eefng th\u00e1ch th\u1ee9c. S\u1ed1 h\u1ecdc c\u0169ng n\u00e2ng cao hi\u1ec3u bi\u1ebft c\u1ee7a ch\u00fang ta v\u1ec1 c\u00e1c m\u1ed1i quan h\u1ec7 th\u00f4ng qua Con s\u1ed1 T\u01b0\u01a1ng th\u00edch v\u00e0 Con s\u1ed1 th\u00f4i th\u00fac T\u00e2m h\u1ed3n, \u0111\u1ea3m b\u1ea3o c\u00e1c k\u1ebft n\u1ed1i l\u00e0nh m\u1ea1nh h\u01a1n.<\/p><\/div><\/div>\n\n<div class=\"wp-block-columns is-layout-flex wp-container-core-columns-is-layout-7 wp-block-columns-is-layout-flex\"><div class=\"wp-block-column padding-20 is-layout-flow wp-block-column-is-layout-flow\"><h4 class=\"wp-block-heading\">B\u1ea3n Ch\u1ea5t C\u1ee7a Vi\u1ec7c \u00c1p D\u1ee5ng S\u1ed1 H\u1ecdc Trong C\u00e1c Kh\u00eda C\u1ea1nh Th\u1ef1c T\u1ebf C\u1ee7a Cu\u1ed9c S\u1ed1ng<\/h4>\n\n<p class=\"has-text-align-left\">S\u1ed1 h\u1ecdc cung c\u1ea5p c\u00e1c \u1ee9ng d\u1ee5ng th\u1ef1c t\u1ebf, bao g\u1ed3m h\u01b0\u1edbng d\u1eabn ngh\u1ec1 nghi\u1ec7p d\u1ef1a tr\u00ean s\u1ef1 ph\u00f9 h\u1ee3p v\u1edbi Con s\u1ed1 \u0110\u01b0\u1eddng \u0111\u1eddi, \u0111i\u1ec3m m\u1ea1nh v\u00e0 ni\u1ec1m \u0111am m\u00ea c\u1ee7a b\u1ea1n. N\u00f3 gi\u00fap b\u1ea1n nh\u1eadn ra c\u00e1c c\u01a1 h\u1ed9i v\u00e0 th\u00e1ch th\u1ee9c t\u1ea1i n\u01a1i l\u00e0m vi\u1ec7c, th\u00fac \u0111\u1ea9y s\u1ef1 ph\u00e1t tri\u1ec3n c\u00e1 nh\u00e2n v\u00e0 ngh\u1ec1 nghi\u1ec7p. S\u1ed1 h\u1ecdc m\u1edf r\u1ed9ng \u0111\u1ebfn m\u1ecdi kh\u00eda c\u1ea1nh c\u1ee7a cu\u1ed9c s\u1ed1ng, h\u01b0\u1edbng d\u1eabn b\u1ea1n t\u1ea1o ra m\u1ed9t cu\u1ed9c s\u1ed1ng c\u00e2n b\u1eb1ng v\u00e0 tr\u1ecdn v\u1eb9n. Nh\u1eefng con s\u1ed1 nh\u01b0 S\u1ed1 ph\u1eadn, S\u1ef1 tr\u01b0\u1edfng th\u00e0nh v\u00e0 N\u0103m c\u00e1 nh\u00e2n ti\u1ebft l\u1ed9 m\u1ee5c \u0111\u00edch cu\u1ed9c s\u1ed1ng c\u1ee7a b\u1ea1n v\u00e0 cung c\u1ea5p nh\u1eefng l\u1eddi khuy\u00ean thi\u1ebft th\u1ef1c cho cu\u1ed9c s\u1ed1ng h\u00e0ng ng\u00e0y. S\u1ed1 h\u1ecdc l\u00e0 m\u1ed9t c\u00f4ng c\u1ee5 m\u1ea1nh m\u1ebd \u0111\u1ec3 t\u1ef1 nh\u1eadn th\u1ee9c, hi\u1ec3u bi\u1ebft v\u00e0 h\u01b0\u1edbng d\u1eabn trong c\u00e1c kh\u00eda c\u1ea1nh kh\u00e1c nhau c\u1ee7a cu\u1ed9c s\u1ed1ng. N\u1eafm b\u1eaft ti\u1ec1m n\u0103ng bi\u1ebfn \u0111\u1ed5i c\u1ee7a s\u1ed1 h\u1ecdc nh\u01b0 m\u1ed9t c\u00f4ng c\u1ee5 hu\u1ea5n luy\u1ec7n cu\u1ed9c s\u1ed1ng. Kh\u00e1m ph\u00e1 Con s\u1ed1 \u0110\u01b0\u1eddng \u0111\u1eddi c\u1ee7a b\u1ea1n, kh\u00e1m ph\u00e1 Con s\u1ed1 T\u00ednh c\u00e1ch c\u1ee7a b\u1ea1n v\u00e0 v\u01b0\u1ee3t qua nh\u1eefng th\u1eed th\u00e1ch trong cu\u1ed9c s\u1ed1ng b\u1eb1ng tr\u00ed tu\u1ec7 c\u1ee7a n\u00f3. H\u00e3y nh\u1edb r\u1eb1ng, s\u1ed1 h\u1ecdc l\u00e0 m\u1ed9t h\u1ec7 th\u1ed1ng ni\u1ec1m tin v\u00e0 kh\u00f4ng th\u1ec3 thay th\u1ebf cho l\u1eddi khuy\u00ean chuy\u00ean m\u00f4n. Tham kh\u1ea3o \u00fd ki\u1ebfn \u200b\u200b\u200b\u200bc\u1ee7a hu\u1ea5n luy\u1ec7n vi\u00ean cu\u1ed9c s\u1ed1ng ho\u1eb7c nh\u00e0 tr\u1ecb li\u1ec7u \u0111\u01b0\u1ee3c c\u1ea5p ph\u00e9p \u0111\u1ec3 \u0111\u01b0\u1ee3c h\u01b0\u1edbng d\u1eabn c\u00e1 nh\u00e2n.<\/p><\/div><\/div><\/div><\/div>","protected":false},"excerpt":{"rendered":"<p>Pythagorean Numerology, a practice with roots dating back to ancient Greece. It is a metaphysical science that explores the mystical significance of numbers and their influence on human life and&hellip;<\/p>","protected":false},"author":3,"featured_media":0,"parent":0,"menu_order":0,"comment_status":"closed","ping_status":"closed","template":"","meta":{"_uag_custom_page_level_css":"#page {\n\tbackground: url('\/wp-content\/uploads\/NumerologyBG.jpg') no-repeat center center;\n\tbackground-size: cover;\n\tbackground-attachment: fixed;\n}\n\n#primary.content-area {margin-bottom: 0;}","footnotes":""},"class_list":["post-1388","page","type-page","status-publish","hentry"],"uagb_featured_image_src":{"full":false,"thumbnail":false,"medium":false,"medium_large":false,"large":false,"1536x1536":false,"2048x2048":false,"trp-custom-language-flag":false,"woocommerce_thumbnail":false,"woocommerce_single":false,"woocommerce_gallery_thumbnail":false},"uagb_author_info":{"display_name":"Vicky Chonburi Nguy\u1ec5n","author_link":"https:\/\/targetlife.us\/vi\/author\/targetlife777gmail-com\/"},"uagb_comment_info":0,"uagb_excerpt":"Pythagorean Numerology, a practice with roots dating back to ancient Greece. It is a metaphysical science that explores the mystical significance of numbers and their influence on human life and&hellip;","_links":{"self":[{"href":"https:\/\/targetlife.us\/vi\/wp-json\/wp\/v2\/pages\/1388","targetHints":{"allow":["GET"]}}],"collection":[{"href":"https:\/\/targetlife.us\/vi\/wp-json\/wp\/v2\/pages"}],"about":[{"href":"https:\/\/targetlife.us\/vi\/wp-json\/wp\/v2\/types\/page"}],"author":[{"embeddable":true,"href":"https:\/\/targetlife.us\/vi\/wp-json\/wp\/v2\/users\/3"}],"replies":[{"embeddable":true,"href":"https:\/\/targetlife.us\/vi\/wp-json\/wp\/v2\/comments?post=1388"}],"version-history":[{"count":19,"href":"https:\/\/targetlife.us\/vi\/wp-json\/wp\/v2\/pages\/1388\/revisions"}],"predecessor-version":[{"id":1712,"href":"https:\/\/targetlife.us\/vi\/wp-json\/wp\/v2\/pages\/1388\/revisions\/1712"}],"wp:attachment":[{"href":"https:\/\/targetlife.us\/vi\/wp-json\/wp\/v2\/media?parent=1388"}],"curies":[{"name":"wp","href":"https:\/\/api.w.org\/{rel}","templated":true}]}}