{"id":1715,"date":"2024-02-04T05:59:54","date_gmt":"2024-02-04T05:59:54","guid":{"rendered":"https:\/\/targetlife.us\/?page_id=1715"},"modified":"2024-02-04T06:16:16","modified_gmt":"2024-02-04T06:16:16","slug":"quiz","status":"publish","type":"page","link":"https:\/\/targetlife.us\/vi\/quiz\/","title":{"rendered":"Tr\u1eafc Nghi\u1ec7m"},"content":{"rendered":"<div class=\"wp-block-cover alignfull is-light content-width-cover padding-top-75 padding-bottom-75 has-white-color has-text-color has-link-color wp-elements-c678dfd9821fab520bdcba9bd1e58741\" style=\"min-height:50px;aspect-ratio:unset;\"><span aria-hidden=\"true\" class=\"wp-block-cover__background has-color-primary-background-color has-background-dim-90 has-background-dim\"><\/span><div class=\"wp-block-cover__inner-container is-layout-constrained wp-block-cover-is-layout-constrained\"><p class=\"has-text-align-center has-superbfont-medium-font-size\">Ch\u00e0o m\u1eebng b\u1ea1n \u0111\u1ebfn v\u1edbi ph\u1ea7n C\u00e2u \u0111\u1ed1 c\u1ee7a Target Life! C\u00e1c c\u00e2u \u0111\u1ed1 d\u01b0\u1edbi \u0111\u00e2y \u0111\u01b0\u1ee3c thi\u1ebft k\u1ebf c\u1ea9n th\u1eadn \u0111\u1ec3 soi s\u00e1ng cho b\u1ea1n, cung c\u1ea5p cho b\u1ea1n nh\u1eefng g\u1ee3i \u00fd v\u00e0 m\u1eb9o \u0111\u1ec3 tr\u1edf th\u00e0nh phi\u00ean b\u1ea3n t\u1ed1t h\u01a1n c\u1ee7a b\u1ea1n.<\/p><\/div><\/div><div class=\"wp-block-uagb-separator uagb-block-cec666cc wp-block-uagb-separator--text margin-top-75 margin-bottom-50\"><div class=\"wp-block-uagb-separator__inner\" style=\"--my-background-image:\"><div class=\"wp-block-uagb-separator-element\"><h3 class=\"uagb-html-tag\">Kh\u00e1m Ph\u00e1 D\u1ecbch V\u1ee5 C\u1ee7a Ch\u00fang T\u00f4i<\/h3><\/div><\/div><\/div><div class=\"wp-block-query is-layout-flow wp-block-query-is-layout-flow\"><ul class=\"columns-2 gap-15 wp-block-post-template is-layout-grid wp-container-core-post-template-is-layout-1 wp-block-post-template-is-layout-grid\"><li class=\"wp-block-post post-1683 post type-post status-publish format-standard has-post-thumbnail hentry category-compatibility-quiz category-quiz\"><div class=\"wp-block-columns margin-bottom-15 padding-bottom-15 border-bottom border-light is-layout-flex wp-container-core-columns-is-layout-1 wp-block-columns-is-layout-flex\"><div class=\"wp-block-column is-layout-flow wp-block-column-is-layout-flow\" style=\"flex-basis:40%\"><figure class=\"wp-block-post-featured-image\"><a href=\"https:\/\/targetlife.us\/vi\/quiz\/how-to-win-your-crush\/\" target=\"_self\"  ><img loading=\"lazy\" decoding=\"async\" width=\"1024\" height=\"1024\" src=\"https:\/\/targetlife.us\/wp-content\/uploads\/quiz-crush2.jpg\" class=\"attachment-post-thumbnail size-post-thumbnail wp-post-image\" alt=\"How to Win Your Crush\" style=\"border-radius:5px;object-fit:cover;\" srcset=\"https:\/\/targetlife.us\/wp-content\/uploads\/quiz-crush2.jpg 1024w, https:\/\/targetlife.us\/wp-content\/uploads\/quiz-crush2-300x300.jpg 300w, https:\/\/targetlife.us\/wp-content\/uploads\/quiz-crush2-150x150.jpg 150w, https:\/\/targetlife.us\/wp-content\/uploads\/quiz-crush2-768x768.jpg 768w, https:\/\/targetlife.us\/wp-content\/uploads\/quiz-crush2-600x600.jpg 600w\" sizes=\"auto, (max-width: 1024px) 100vw, 1024px\" \/><\/a><\/figure><\/div>\n\n<div class=\"wp-block-column is-layout-flow wp-block-column-is-layout-flow\"><h4 class=\"margin-top-0 wp-block-post-title has-superbfont-xsmall-font-size\"><a href=\"https:\/\/targetlife.us\/vi\/quiz\/how-to-win-your-crush\/\" target=\"_self\" >C\u00e1ch \u0110\u1ec3 Chinh Ph\u1ee5c Ng\u01b0\u1eddi M\u00ecnh Th\u00edch<\/a><\/h4>\n\n<div class=\"wp-block-post-excerpt has-superbfont-xxsmall-font-size\"><p class=\"wp-block-post-excerpt__excerpt\">Kh\u00e1m ph\u00e1 b\u00ed m\u1eadt \u0111\u1ec3 chi\u1ebfm \u0111\u01b0\u1ee3c tr\u00e1i tim c\u1ee7a ng\u01b0\u1eddi b\u1ea1n y\u00eau v\u1edbi b\u00e0i ki\u1ec3m tra c\u1ee7a ch\u00fang t\u00f4i! B\u1ea1n \u0111\u00e3 s\u1eb5n s\u00e0ng \u0111\u1ec3 t\u1ea1o \u1ea5n t\u01b0\u1ee3ng l\u00e2u d\u00e0i v\u1edbi\u2026 <a class=\"wp-block-post-excerpt__more-link\" href=\"https:\/\/targetlife.us\/vi\/quiz\/how-to-win-your-crush\/\">Kh\u00e1m ph\u00e1 n\u00f3 NGAY B\u00c2Y GI\u1edc!<\/a><\/p><\/div><\/div><\/div><\/li><li class=\"wp-block-post post-1637 post type-post status-publish format-standard has-post-thumbnail hentry category-compatibility-quiz category-quiz\"><div class=\"wp-block-columns margin-bottom-15 padding-bottom-15 border-bottom border-light is-layout-flex wp-container-core-columns-is-layout-2 wp-block-columns-is-layout-flex\"><div class=\"wp-block-column is-layout-flow wp-block-column-is-layout-flow\" style=\"flex-basis:40%\"><figure class=\"wp-block-post-featured-image\"><a href=\"https:\/\/targetlife.us\/vi\/quiz\/understanding-and-empathy-for-the-woman\/\" target=\"_self\"  ><img loading=\"lazy\" decoding=\"async\" width=\"1024\" height=\"1024\" src=\"https:\/\/targetlife.us\/wp-content\/uploads\/quiz-understand-woman.jpg\" class=\"attachment-post-thumbnail size-post-thumbnail wp-post-image\" alt=\"Understanding and\u00a0Empathy | For the Woman\" style=\"border-radius:5px;object-fit:cover;\" srcset=\"https:\/\/targetlife.us\/wp-content\/uploads\/quiz-understand-woman.jpg 1024w, https:\/\/targetlife.us\/wp-content\/uploads\/quiz-understand-woman-300x300.jpg 300w, https:\/\/targetlife.us\/wp-content\/uploads\/quiz-understand-woman-150x150.jpg 150w, https:\/\/targetlife.us\/wp-content\/uploads\/quiz-understand-woman-768x768.jpg 768w, https:\/\/targetlife.us\/wp-content\/uploads\/quiz-understand-woman-600x600.jpg 600w\" sizes=\"auto, (max-width: 1024px) 100vw, 1024px\" \/><\/a><\/figure><\/div>\n\n<div class=\"wp-block-column is-layout-flow wp-block-column-is-layout-flow\"><h4 class=\"margin-top-0 wp-block-post-title has-superbfont-xsmall-font-size\"><a href=\"https:\/\/targetlife.us\/vi\/quiz\/understanding-and-empathy-for-the-woman\/\" target=\"_self\" >Th\u1ea5u Hi\u1ec3u V\u00e0 \u0110\u1ed3ng C\u1ea3m | D\u00e0nh Cho Ng\u01b0\u1eddi Ph\u1ee5 N\u1eef<\/a><\/h4>\n\n<div class=\"wp-block-post-excerpt has-superbfont-xxsmall-font-size\"><p class=\"wp-block-post-excerpt__excerpt\">T\u0103ng c\u01b0\u1eddng m\u1ed1i quan h\u1ec7 c\u1ee7a b\u1ea1n v\u1edbi C\u00e2u \u0111\u1ed1 v\u1ec1 s\u1ef1 hi\u1ec3u bi\u1ebft v\u00e0 \u0111\u1ed3ng c\u1ea3m d\u00e0nh cho c\u00e1c c\u1eb7p \u0111\u00f4i c\u1ee7a ch\u00fang t\u00f4i! B\u1ea1n mu\u1ed1n \u0111\u01b0a m\u1ed1i quan h\u1ec7 c\u1ee7a m\u00ecnh l\u00ean m\u1ed9t t\u1ea7m cao m\u1edbi\u2026 <a class=\"wp-block-post-excerpt__more-link\" href=\"https:\/\/targetlife.us\/vi\/quiz\/understanding-and-empathy-for-the-woman\/\">Kh\u00e1m ph\u00e1 n\u00f3 NGAY B\u00c2Y GI\u1edc!<\/a><\/p><\/div><\/div><\/div><\/li><li class=\"wp-block-post post-1638 post type-post status-publish format-standard has-post-thumbnail hentry category-discovering-quiz category-quiz\"><div class=\"wp-block-columns margin-bottom-15 padding-bottom-15 border-bottom border-light is-layout-flex wp-container-core-columns-is-layout-3 wp-block-columns-is-layout-flex\"><div class=\"wp-block-column is-layout-flow wp-block-column-is-layout-flow\" style=\"flex-basis:40%\"><figure class=\"wp-block-post-featured-image\"><a href=\"https:\/\/targetlife.us\/vi\/quiz\/how-to-win-your-customers\/\" target=\"_self\"  ><img loading=\"lazy\" decoding=\"async\" width=\"1024\" height=\"1024\" src=\"https:\/\/targetlife.us\/wp-content\/uploads\/quiz-customers.jpg\" class=\"attachment-post-thumbnail size-post-thumbnail wp-post-image\" alt=\"How to Win Your\u00a0Customers\" style=\"border-radius:5px;object-fit:cover;\" srcset=\"https:\/\/targetlife.us\/wp-content\/uploads\/quiz-customers.jpg 1024w, https:\/\/targetlife.us\/wp-content\/uploads\/quiz-customers-300x300.jpg 300w, https:\/\/targetlife.us\/wp-content\/uploads\/quiz-customers-150x150.jpg 150w, https:\/\/targetlife.us\/wp-content\/uploads\/quiz-customers-768x768.jpg 768w, https:\/\/targetlife.us\/wp-content\/uploads\/quiz-customers-600x600.jpg 600w\" sizes=\"auto, (max-width: 1024px) 100vw, 1024px\" \/><\/a><\/figure><\/div>\n\n<div class=\"wp-block-column is-layout-flow wp-block-column-is-layout-flow\"><h4 class=\"margin-top-0 wp-block-post-title has-superbfont-xsmall-font-size\"><a href=\"https:\/\/targetlife.us\/vi\/quiz\/how-to-win-your-customers\/\" target=\"_self\" >C\u00e1ch \u0110\u1ec3 Chinh Ph\u1ee5c Kh\u00e1ch H\u00e0ng<\/a><\/h4>\n\n<div class=\"wp-block-post-excerpt has-superbfont-xxsmall-font-size\"><p class=\"wp-block-post-excerpt__excerpt\">M\u1edf kh\u00f3a nh\u1eefng b\u00ed quy\u1ebft \u0111\u1ec3 thu h\u00fat kh\u00e1ch h\u00e0ng v\u00e0 ch\u1ed1t doanh s\u1ed1 B\u1ea1n c\u00f3 mong mu\u1ed1n t\u0103ng doanh s\u1ed1 b\u00e1n h\u00e0ng c\u1ee7a m\u00ecnh v\u00e0 x\u00e2y d\u1ef1ng c\u00e1c m\u1ed1i quan h\u1ec7 l\u00e2u d\u00e0i\u2026 <a class=\"wp-block-post-excerpt__more-link\" href=\"https:\/\/targetlife.us\/vi\/quiz\/how-to-win-your-customers\/\">Kh\u00e1m ph\u00e1 n\u00f3 NGAY B\u00c2Y GI\u1edc!<\/a><\/p><\/div><\/div><\/div><\/li><li class=\"wp-block-post post-1639 post type-post status-publish format-standard has-post-thumbnail hentry category-compatibility-quiz category-quiz\"><div class=\"wp-block-columns margin-bottom-15 padding-bottom-15 border-bottom border-light is-layout-flex wp-container-core-columns-is-layout-4 wp-block-columns-is-layout-flex\"><div class=\"wp-block-column is-layout-flow wp-block-column-is-layout-flow\" style=\"flex-basis:40%\"><figure class=\"wp-block-post-featured-image\"><a href=\"https:\/\/targetlife.us\/vi\/quiz\/understanding-and-empathy-for-the-man\/\" target=\"_self\"  ><img loading=\"lazy\" decoding=\"async\" width=\"1024\" height=\"1024\" src=\"https:\/\/targetlife.us\/wp-content\/uploads\/quiz-understand-man.jpg\" class=\"attachment-post-thumbnail size-post-thumbnail wp-post-image\" alt=\"Understanding and\u00a0Empathy | For the Man\" style=\"border-radius:5px;object-fit:cover;\" srcset=\"https:\/\/targetlife.us\/wp-content\/uploads\/quiz-understand-man.jpg 1024w, https:\/\/targetlife.us\/wp-content\/uploads\/quiz-understand-man-300x300.jpg 300w, https:\/\/targetlife.us\/wp-content\/uploads\/quiz-understand-man-150x150.jpg 150w, https:\/\/targetlife.us\/wp-content\/uploads\/quiz-understand-man-768x768.jpg 768w, https:\/\/targetlife.us\/wp-content\/uploads\/quiz-understand-man-600x600.jpg 600w\" sizes=\"auto, (max-width: 1024px) 100vw, 1024px\" \/><\/a><\/figure><\/div>\n\n<div class=\"wp-block-column is-layout-flow wp-block-column-is-layout-flow\"><h4 class=\"margin-top-0 wp-block-post-title has-superbfont-xsmall-font-size\"><a href=\"https:\/\/targetlife.us\/vi\/quiz\/understanding-and-empathy-for-the-man\/\" target=\"_self\" >Th\u1ea5u Hi\u1ec3u V\u00e0 \u0110\u1ed3ng C\u1ea3m | D\u00e0nh Cho Ng\u01b0\u1eddi \u0110\u00e0n \u00d4ng<\/a><\/h4>\n\n<div class=\"wp-block-post-excerpt has-superbfont-xxsmall-font-size\"><p class=\"wp-block-post-excerpt__excerpt\">T\u0103ng c\u01b0\u1eddng m\u1ed1i quan h\u1ec7 c\u1ee7a b\u1ea1n v\u1edbi C\u00e2u \u0111\u1ed1 v\u1ec1 s\u1ef1 hi\u1ec3u bi\u1ebft v\u00e0 \u0111\u1ed3ng c\u1ea3m d\u00e0nh cho c\u00e1c c\u1eb7p \u0111\u00f4i c\u1ee7a ch\u00fang t\u00f4i! B\u1ea1n mu\u1ed1n \u0111\u01b0a m\u1ed1i quan h\u1ec7 c\u1ee7a m\u00ecnh l\u00ean m\u1ed9t t\u1ea7m cao m\u1edbi\u2026 <a class=\"wp-block-post-excerpt__more-link\" href=\"https:\/\/targetlife.us\/vi\/quiz\/understanding-and-empathy-for-the-man\/\">Kh\u00e1m ph\u00e1 n\u00f3 NGAY B\u00c2Y GI\u1edc!<\/a><\/p><\/div><\/div><\/div><\/li><li class=\"wp-block-post post-1640 post type-post status-publish format-standard has-post-thumbnail hentry category-compatibility-quiz category-quiz\"><div class=\"wp-block-columns margin-bottom-15 padding-bottom-15 border-bottom border-light is-layout-flex wp-container-core-columns-is-layout-5 wp-block-columns-is-layout-flex\"><div class=\"wp-block-column is-layout-flow wp-block-column-is-layout-flow\" style=\"flex-basis:40%\"><figure class=\"wp-block-post-featured-image\"><a href=\"https:\/\/targetlife.us\/vi\/quiz\/discover-your-compatibility\/\" target=\"_self\"  ><img loading=\"lazy\" decoding=\"async\" width=\"1024\" height=\"1024\" src=\"https:\/\/targetlife.us\/wp-content\/uploads\/quiz-compatibility.jpg\" class=\"attachment-post-thumbnail size-post-thumbnail wp-post-image\" alt=\"Discover Your Compatibility\" style=\"border-radius:5px;object-fit:cover;\" srcset=\"https:\/\/targetlife.us\/wp-content\/uploads\/quiz-compatibility.jpg 1024w, https:\/\/targetlife.us\/wp-content\/uploads\/quiz-compatibility-300x300.jpg 300w, https:\/\/targetlife.us\/wp-content\/uploads\/quiz-compatibility-150x150.jpg 150w, https:\/\/targetlife.us\/wp-content\/uploads\/quiz-compatibility-768x768.jpg 768w, https:\/\/targetlife.us\/wp-content\/uploads\/quiz-compatibility-600x600.jpg 600w\" sizes=\"auto, (max-width: 1024px) 100vw, 1024px\" \/><\/a><\/figure><\/div>\n\n<div class=\"wp-block-column is-layout-flow wp-block-column-is-layout-flow\"><h4 class=\"margin-top-0 wp-block-post-title has-superbfont-xsmall-font-size\"><a href=\"https:\/\/targetlife.us\/vi\/quiz\/discover-your-compatibility\/\" target=\"_self\" >Kh\u00e1m Ph\u00e1 Kh\u1ea3 N\u0103ng T\u01b0\u01a1ng Th\u00edch C\u1ee7a B\u1ea1n<\/a><\/h4>\n\n<div class=\"wp-block-post-excerpt has-superbfont-xxsmall-font-size\"><p class=\"wp-block-post-excerpt__excerpt\">B\u1ea1n c\u00f3 t\u00f2 m\u00f2 v\u1ec1 m\u1ee9c \u0111\u1ed9 t\u01b0\u01a1ng th\u00edch c\u1ee7a b\u1ea1n v\u1edbi \u0111\u1ed1i t\u00e1c, b\u1ea1n b\u00e8 ho\u1eb7c \u0111\u1ed3ng nghi\u1ec7p ti\u1ec1m n\u0103ng kh\u00f4ng? B\u00e0i ki\u1ec3m tra c\u1ee7a ch\u00fang t\u00f4i \u1edf \u0111\u00e2y \u0111\u1ec3\u2026 <a class=\"wp-block-post-excerpt__more-link\" href=\"https:\/\/targetlife.us\/vi\/quiz\/discover-your-compatibility\/\">Kh\u00e1m ph\u00e1 n\u00f3 NGAY B\u00c2Y GI\u1edc!<\/a><\/p><\/div><\/div><\/div><\/li><li class=\"wp-block-post post-1641 post type-post status-publish format-standard has-post-thumbnail hentry category-discovering-quiz category-quiz\"><div class=\"wp-block-columns margin-bottom-15 padding-bottom-15 border-bottom border-light is-layout-flex wp-container-core-columns-is-layout-6 wp-block-columns-is-layout-flex\"><div class=\"wp-block-column is-layout-flow wp-block-column-is-layout-flow\" style=\"flex-basis:40%\"><figure class=\"wp-block-post-featured-image\"><a href=\"https:\/\/targetlife.us\/vi\/quiz\/how-to-win-others-friend-family\/\" target=\"_self\"  ><img loading=\"lazy\" decoding=\"async\" width=\"1024\" height=\"1024\" src=\"https:\/\/targetlife.us\/wp-content\/uploads\/quiz-influences.jpg\" class=\"attachment-post-thumbnail size-post-thumbnail wp-post-image\" alt=\"How to Win Others, Friend, Family\" style=\"border-radius:5px;object-fit:cover;\" srcset=\"https:\/\/targetlife.us\/wp-content\/uploads\/quiz-influences.jpg 1024w, https:\/\/targetlife.us\/wp-content\/uploads\/quiz-influences-300x300.jpg 300w, https:\/\/targetlife.us\/wp-content\/uploads\/quiz-influences-150x150.jpg 150w, https:\/\/targetlife.us\/wp-content\/uploads\/quiz-influences-768x768.jpg 768w, https:\/\/targetlife.us\/wp-content\/uploads\/quiz-influences-600x600.jpg 600w\" sizes=\"auto, (max-width: 1024px) 100vw, 1024px\" \/><\/a><\/figure><\/div>\n\n<div class=\"wp-block-column is-layout-flow wp-block-column-is-layout-flow\"><h4 class=\"margin-top-0 wp-block-post-title has-superbfont-xsmall-font-size\"><a href=\"https:\/\/targetlife.us\/vi\/quiz\/how-to-win-others-friend-family\/\" target=\"_self\" >C\u00e1ch \u0110\u1ec3 Chinh Ph\u1ee5c Ng\u01b0\u1eddi Kh\u00e1c, B\u1ea1n B\u00e8, Ng\u01b0\u1eddi Th\u00e2n<\/a><\/h4>\n\n<div class=\"wp-block-post-excerpt has-superbfont-xxsmall-font-size\"><p class=\"wp-block-post-excerpt__excerpt\">B\u1ea1n c\u00f3 mong mu\u1ed1n c\u1ea3i thi\u1ec7n k\u1ef9 n\u0103ng giao ti\u1ebfp c\u1ee7a m\u00ecnh v\u00e0 x\u00e2y d\u1ef1ng m\u1ed1i quan h\u1ec7 b\u1ec1n ch\u1eb7t h\u01a1n v\u1edbi nh\u1eefng ng\u01b0\u1eddi xung quanh kh\u00f4ng? C\u00e2u \u0111\u1ed1 c\u1ee7a ch\u00fang t\u00f4i l\u00e0\u2026 <a class=\"wp-block-post-excerpt__more-link\" href=\"https:\/\/targetlife.us\/vi\/quiz\/how-to-win-others-friend-family\/\">Kh\u00e1m ph\u00e1 n\u00f3 NGAY B\u00c2Y GI\u1edc!<\/a><\/p><\/div><\/div><\/div><\/li><li class=\"wp-block-post post-1642 post type-post status-publish format-standard has-post-thumbnail hentry category-discovering-quiz category-quiz\"><div class=\"wp-block-columns margin-bottom-15 padding-bottom-15 border-bottom border-light is-layout-flex wp-container-core-columns-is-layout-7 wp-block-columns-is-layout-flex\"><div class=\"wp-block-column is-layout-flow wp-block-column-is-layout-flow\" style=\"flex-basis:40%\"><figure class=\"wp-block-post-featured-image\"><a href=\"https:\/\/targetlife.us\/vi\/quiz\/how-to-impress-your-boss\/\" target=\"_self\"  ><img loading=\"lazy\" decoding=\"async\" width=\"1024\" height=\"1024\" src=\"https:\/\/targetlife.us\/wp-content\/uploads\/quiz-boss.jpg\" class=\"attachment-post-thumbnail size-post-thumbnail wp-post-image\" alt=\"How to Impress Your Boss\" style=\"border-radius:5px;object-fit:cover;\" srcset=\"https:\/\/targetlife.us\/wp-content\/uploads\/quiz-boss.jpg 1024w, https:\/\/targetlife.us\/wp-content\/uploads\/quiz-boss-300x300.jpg 300w, https:\/\/targetlife.us\/wp-content\/uploads\/quiz-boss-150x150.jpg 150w, https:\/\/targetlife.us\/wp-content\/uploads\/quiz-boss-768x768.jpg 768w, https:\/\/targetlife.us\/wp-content\/uploads\/quiz-boss-600x600.jpg 600w\" sizes=\"auto, (max-width: 1024px) 100vw, 1024px\" \/><\/a><\/figure><\/div>\n\n<div class=\"wp-block-column is-layout-flow wp-block-column-is-layout-flow\"><h4 class=\"margin-top-0 wp-block-post-title has-superbfont-xsmall-font-size\"><a href=\"https:\/\/targetlife.us\/vi\/quiz\/how-to-impress-your-boss\/\" target=\"_self\" >C\u00e1ch \u0110\u1ec3 G\u00e2y \u1ea4n T\u01b0\u1ee3ng V\u1edbi S\u1ebfp<\/a><\/h4>\n\n<div class=\"wp-block-post-excerpt has-superbfont-xxsmall-font-size\"><p class=\"wp-block-post-excerpt__excerpt\">B\u1ea1n c\u00f3 mong mu\u1ed1n tr\u1edf n\u00ean xu\u1ea5t s\u1eafc trong s\u1ef1 nghi\u1ec7p v\u00e0 x\u00e2y d\u1ef1ng m\u1ed1i quan h\u1ec7 t\u00edch c\u1ef1c v\u1edbi s\u1ebfp kh\u00f4ng? \u0110\u1eebng t\u00ecm \u0111\u00e2u xa! C\u1ee7a ch\u00fang t\u00f4i\u2026 <a class=\"wp-block-post-excerpt__more-link\" href=\"https:\/\/targetlife.us\/vi\/quiz\/how-to-impress-your-boss\/\">Kh\u00e1m ph\u00e1 n\u00f3 NGAY B\u00c2Y GI\u1edc!<\/a><\/p><\/div><\/div><\/div><\/li><li class=\"wp-block-post post-1326 post type-post status-publish format-standard has-post-thumbnail hentry category-discovering-quiz category-quiz\"><div class=\"wp-block-columns margin-bottom-15 padding-bottom-15 border-bottom border-light is-layout-flex wp-container-core-columns-is-layout-8 wp-block-columns-is-layout-flex\"><div class=\"wp-block-column is-layout-flow wp-block-column-is-layout-flow\" style=\"flex-basis:40%\"><figure class=\"wp-block-post-featured-image\"><a href=\"https:\/\/targetlife.us\/vi\/quiz\/understanding-yourself-taking-control-of-your-life\/\" target=\"_self\"  ><img loading=\"lazy\" decoding=\"async\" width=\"1024\" height=\"1024\" src=\"https:\/\/targetlife.us\/wp-content\/uploads\/quiz-self.jpg\" class=\"attachment-post-thumbnail size-post-thumbnail wp-post-image\" alt=\"Understanding Yourself &#8211; Taking Control of Your Life\" style=\"border-radius:5px;object-fit:cover;\" srcset=\"https:\/\/targetlife.us\/wp-content\/uploads\/quiz-self.jpg 1024w, https:\/\/targetlife.us\/wp-content\/uploads\/quiz-self-300x300.jpg 300w, https:\/\/targetlife.us\/wp-content\/uploads\/quiz-self-150x150.jpg 150w, https:\/\/targetlife.us\/wp-content\/uploads\/quiz-self-768x768.jpg 768w, https:\/\/targetlife.us\/wp-content\/uploads\/quiz-self-600x600.jpg 600w\" sizes=\"auto, (max-width: 1024px) 100vw, 1024px\" \/><\/a><\/figure><\/div>\n\n<div class=\"wp-block-column is-layout-flow wp-block-column-is-layout-flow\"><h4 class=\"margin-top-0 wp-block-post-title has-superbfont-xsmall-font-size\"><a href=\"https:\/\/targetlife.us\/vi\/quiz\/understanding-yourself-taking-control-of-your-life\/\" target=\"_self\" >Hi\u1ec3u b\u1ea3n th\u00e2n \u2013 L\u00e0m ch\u1ee7 cu\u1ed9c s\u1ed1ng c\u1ee7a b\u1ea1n<\/a><\/h4>\n\n<div class=\"wp-block-post-excerpt has-superbfont-xxsmall-font-size\"><p class=\"wp-block-post-excerpt__excerpt\">Tham gia b\u00e0i tr\u1eafc nghi\u1ec7m \u201cTh\u1ea5u hi\u1ec3u b\u1ea3n th\u00e2n \u2013 Ki\u1ec3m so\u00e1t cu\u1ed9c s\u1ed1ng\u201d c\u00f3 th\u1ec3 l\u00e0 m\u1ed9t b\u01b0\u1edbc quan tr\u1ecdng trong h\u00e0nh tr\u00ecnh c\u1ee7a b\u1ea1n\u2026 <a class=\"wp-block-post-excerpt__more-link\" href=\"https:\/\/targetlife.us\/vi\/quiz\/understanding-yourself-taking-control-of-your-life\/\">Kh\u00e1m ph\u00e1 n\u00f3 NGAY B\u00c2Y GI\u1edc!<\/a><\/p><\/div><\/div><\/div><\/li><\/ul>\n\n\n\n<\/div>","protected":false},"excerpt":{"rendered":"","protected":false},"author":3,"featured_media":0,"parent":0,"menu_order":0,"comment_status":"closed","ping_status":"closed","template":"","meta":{"_uag_custom_page_level_css":"#page {\n\tbackground: url('https:\/\/sohoc.one\/assets\/targetlife\/wpbackground\/quiz.jpg') no-repeat center center;\n\tbackground-size: cover;\n\tbackground-attachment: fixed;\n}","footnotes":""},"class_list":["post-1715","page","type-page","status-publish","hentry"],"uagb_featured_image_src":{"full":false,"thumbnail":false,"medium":false,"medium_large":false,"large":false,"1536x1536":false,"2048x2048":false,"trp-custom-language-flag":false,"woocommerce_thumbnail":false,"woocommerce_single":false,"woocommerce_gallery_thumbnail":false},"uagb_author_info":{"display_name":"Vicky Chonburi Nguy\u1ec5n","author_link":"https:\/\/targetlife.us\/vi\/author\/targetlife777gmail-com\/"},"uagb_comment_info":0,"uagb_excerpt":null,"_links":{"self":[{"href":"https:\/\/targetlife.us\/vi\/wp-json\/wp\/v2\/pages\/1715","targetHints":{"allow":["GET"]}}],"collection":[{"href":"https:\/\/targetlife.us\/vi\/wp-json\/wp\/v2\/pages"}],"about":[{"href":"https:\/\/targetlife.us\/vi\/wp-json\/wp\/v2\/types\/page"}],"author":[{"embeddable":true,"href":"https:\/\/targetlife.us\/vi\/wp-json\/wp\/v2\/users\/3"}],"replies":[{"embeddable":true,"href":"https:\/\/targetlife.us\/vi\/wp-json\/wp\/v2\/comments?post=1715"}],"version-history":[{"count":3,"href":"https:\/\/targetlife.us\/vi\/wp-json\/wp\/v2\/pages\/1715\/revisions"}],"predecessor-version":[{"id":1729,"href":"https:\/\/targetlife.us\/vi\/wp-json\/wp\/v2\/pages\/1715\/revisions\/1729"}],"wp:attachment":[{"href":"https:\/\/targetlife.us\/vi\/wp-json\/wp\/v2\/media?parent=1715"}],"curies":[{"name":"wp","href":"https:\/\/api.w.org\/{rel}","templated":true}]}}