{"id":220,"date":"2024-01-13T03:01:20","date_gmt":"2024-01-13T03:01:20","guid":{"rendered":"https:\/\/targetlife.us\/?page_id=220"},"modified":"2024-01-22T09:11:04","modified_gmt":"2024-01-22T09:11:04","slug":"affiliate","status":"publish","type":"page","link":"https:\/\/targetlife.us\/vi\/back-office\/affiliate\/","title":{"rendered":"Li\u00ean k\u1ebft Ti\u1ebfp Th\u1ecb Affiliate"},"content":{"rendered":"<div class=\"wp-block-columns alignfull backoffice-table is-layout-flex wp-container-core-columns-is-layout-1 wp-block-columns-is-layout-flex\"><div class=\"wp-block-column backoffice-dashboard is-layout-flow wp-block-column-is-layout-flow\" style=\"flex-basis:320px\"><div class=\"wp-block-image\"><figure class=\"aligncenter size-full is-resized\"><img loading=\"lazy\" decoding=\"async\" width=\"727\" height=\"344\" src=\"https:\/\/targetlife.us\/wp-content\/uploads\/2024\/01\/TargetLife_Standard.png\" alt=\"\" class=\"wp-image-10\" style=\"width:150px\" srcset=\"https:\/\/targetlife.us\/wp-content\/uploads\/2024\/01\/TargetLife_Standard.png 727w, https:\/\/targetlife.us\/wp-content\/uploads\/2024\/01\/TargetLife_Standard-300x142.png 300w, https:\/\/targetlife.us\/wp-content\/uploads\/2024\/01\/TargetLife_Standard-600x284.png 600w\" sizes=\"auto, (max-width: 727px) 100vw, 727px\" \/><\/figure><\/div>\n\n<ul class=\"dashboard-navigation wp-block-list\"><li class=\"page-item dashboard-item intheverse\"><a href=\"https:\/\/targetlife.us\/vi\/back-office\/in-the-verse\/\" data-type=\"page\" data-id=\"213\">In the Verse<\/a><\/li>\n\n\n\n\n\n\n\n\n\n<li class=\"page-item dashboard-item help hidden-sm\"><a href=\"#\">Help<\/a><\/li><\/ul><\/div>\n\n<div class=\"wp-block-column padding-50 padding-m-20 is-layout-flow wp-block-column-is-layout-flow\"><h1 class=\"margin-bottom-50 padding-bottom-15 border-bottom border-default wp-block-post-title\">Li\u00ean k\u1ebft Ti\u1ebfp Th\u1ecb Affiliate<\/h1>\n\n<form id=\"affwp-register-form\" class=\"affwp-form\" action=\"\" method=\"post\" data-trp-original-action=\"\">\n\n\t\t\t\n\t\t\t<fieldset>\n\t\t\t\t<legend>\u0110\u0103ng k\u00fd m\u1ed9t T\u00e0i kho\u1ea3n c\u1ed9ng t\u00e1c vi\u00ean m\u1edbi<\/legend>\n\n\t\t\t\t\n\t\t\t\t<p>\n\t\t\t<label for=\"affwp-user-name\" class=\"affwp-field-label\">T\u00ean<\/label>\n\t\t\t<input\n\t\t\t\ttype=\"text\"\n\t\t\t\tid=\"affwp-user-name\"\n\t\t\t\tname=\"affwp_user_name\"\n\t\t\t\ttitle=\"T\u00ean\"\n\t\t\t\tvalue=\"\"\n\t\t\t\tplaceholder=\"\"\n\t\t\t\t\t\t\t\t\t\t\t\t class=\"affwp-field affwp-field-name\"\t\t\t\/>\n\t\t<\/p>\n\n<p>\n\t\t\t<label for=\"affwp-user-login\" class=\"affwp-field-label\">T\u00ean ng\u01b0\u1eddi d\u00f9ng <span class=\"required\">(required)<\/span><\/label>\n\t\t\t<input\n\t\t\t\ttype=\"text\"\n\t\t\t\tid=\"affwp-user-login\"\n\t\t\t\tname=\"affwp_user_login\"\n\t\t\t\ttitle=\"T\u00ean ng\u01b0\u1eddi d\u00f9ng\"\n\t\t\t\tvalue=\"\"\n\t\t\t\tplaceholder=\"\"\n\t\t\t\trequired\t\t\t\t\t\t\t\t class=\"affwp-field affwp-field-name\"\t\t\t\/>\n\t\t<\/p>\n\n<p>\n\t\t\t<label for=\"affwp-user-email\" class=\"affwp-field-label\">T\u00e0i kho\u1ea3n Email <span class=\"required\">(required)<\/span><\/label>\n\t\t\t<input\n\t\t\t\ttype=\"email\"\n\t\t\t\tid=\"affwp-user-email\"\n\t\t\t\tname=\"affwp_user_email\"\n\t\t\t\tplaceholder=\"\"\n\t\t\t\ttitle=\"T\u00e0i kho\u1ea3n Email\"\n\t\t\t\tvalue=\"\"\n\t\t\t\t class=\"affwp-field affwp-field-email\"\t\t\t\t1\t\t\t\t\t\t\t\t\/>\n\t\t<\/p>\n\n<p>\n\t\t\t<label for=\"affwp-payment-email\" class=\"affwp-field-label\">Payment Email<\/label>\n\t\t\t<input\n\t\t\t\ttype=\"email\"\n\t\t\t\tid=\"affwp-payment-email\"\n\t\t\t\tname=\"affwp_payment_email\"\n\t\t\t\tplaceholder=\"\"\n\t\t\t\ttitle=\"Payment Email\"\n\t\t\t\tvalue=\"\"\n\t\t\t\t class=\"affwp-field affwp-field-email\"\t\t\t\t\t\t\t\t\t\t\t\/>\n\t\t<\/p>\n\n<p>\n\t\t\t<label for=\"affwp-user-url\" class=\"affwp-field-label\">Website URL<\/label>\n\t\t\t<input\n\t\t\t\ttype=\"url\"\n\t\t\t\tid=\"affwp-user-url\"\n\t\t\t\tvalue=\"\"\n\t\t\t\tname=\"affwp_user_url\"\n\t\t\t\ttitle=\"Website URL\"\n\t\t\t\tplaceholder=\"\"\n\t\t\t\t class=\"affwp-field affwp-field-website\"\t\t\t\t\t\t\t\/>\n\t\t<\/p>\n\n<p>\n\t\t\t<label for=\"affwp-promotion-method\" class=\"affwp-field-label\">How will you promote us?<\/label>\t\t\t<textarea\n\t\t\t\tname=\"affwp_promotion_method\"\n\t\t\t\tid=\"affwp-promotion-method\"\n\t\t\t\trows=\"5\"\n\t\t\t\ttitle=\"How will you promote us?\"\n\t\t\t\tplaceholder=\"\"\n\t\t\t\t\t\t\t\t class=\"affwp-field affwp-field-textarea\"\t\t\t\t><\/textarea>\n\t\t<\/p>\n\n<input type=\"hidden\" name=\"affwp_honeypot\" value=\"\"\/>\n\t\t<input type=\"hidden\" name=\"affwp_redirect\" value=\"\"\/>\n\t\t<input type=\"hidden\" name=\"affwp_register_nonce\" value=\"6f7ceba4e4\"\/>\n\t\t<input type=\"hidden\" name=\"affwp_action\" value=\"affiliate_register\"\/>\n\t\t\t\t\t<input type=\"hidden\" name=\"affwp_post_id\" value=\"220\"\/>\n\t\t\t<input type=\"hidden\" name=\"affwp_block_hash\" value=\"565131229\">\n\t\t\n\t\t\t\t\t<input  class=\"button\" type=\"submit\" value=\"\u0110\u0103ng k\u00fd\" \/>\n\t\t\t\t\t\t\t<\/fieldset>\n\n\t\t\t\n\t\t<input type=\"hidden\" name=\"trp-form-language\" value=\"vi\"\/><\/form>\n\n<form id=\"affwp-login-form\" class=\"affwp-form\" action=\"\" method=\"post\" data-trp-original-action=\"\">\n\t\t\t\n\t\t\t<fieldset>\n\t\t\t\t<legend>\u0110\u0103ng nh\u1eadp v\u00e0o t\u00e0i kho\u1ea3n c\u1ee7a b\u1ea1n<\/legend>\n\n\t\t\t\t\n\t\t\t\t<p>\n\t\t\t\t\t<label for=\"affwp-login-user-login\">T\u00ean ng\u01b0\u1eddi d\u00f9ng<\/label>\n\t\t\t\t\t<input\n\t\t\t\t\t\tid=\"affwp-login-user-login\"\n\t\t\t\t\t\tclass=\"required\"\n\t\t\t\t\t\ttype=\"text\"\n\t\t\t\t\t\tname=\"affwp_user_login\"\n\t\t\t\t\t\ttitle=\"T\u00ean ng\u01b0\u1eddi d\u00f9ng\"\n\t\t\t\t\t\tplaceholder=\"\"\n\t\t\t\t\t\/>\n\t\t\t\t<\/p>\n\n\t\t\t\t<p>\n\t\t\t\t\t<label for=\"affwp-login-user-pass\">M\u1eadt kh\u1ea9u<\/label>\n\t\t\t\t\t<input\n\t\t\t\t\t\tid=\"affwp-login-user-pass\"\n\t\t\t\t\t\tclass=\"password required\"\n\t\t\t\t\t\ttype=\"password\"\n\t\t\t\t\t\tname=\"affwp_user_pass\"\n\t\t\t\t\t\ttitle=\"M\u1eadt kh\u1ea9u\"\n\t\t\t\t\t\tplaceholder=\"\"\n\t\t\t\t\t\/>\n\t\t\t\t<\/p>\n\n\t\t\t\t<p>\n\t\t\t\t\t<label class=\"affwp-user-remember\" for=\"affwp-user-remember\">\n\t\t\t\t\t\t<input\n\t\t\t\t\t\t\tid=\"affwp-user-remember\"\n\t\t\t\t\t\t\ttype=\"checkbox\"\n\t\t\t\t\t\t\tname=\"affwp_user_remember\"\n\t\t\t\t\t\t\tvalue=\"1\"\n\t\t\t\t\t\t\/> Ghi nh\u1edb\t\t\t\t\t<\/label>\n\t\t\t\t<\/p>\n\n\t\t\t\t<p>\n\t\t\t\t\t\t\t\t\t\t<input type=\"hidden\" name=\"affwp_login_nonce\" value=\"eff9907758\"\/>\n\t\t\t\t\t<input type=\"hidden\" name=\"affwp_action\" value=\"user_login\"\/>\n\t\t\t\t\t<input type=\"submit\" class=\"button\" value=\"Log In\"\/>\n\t\t\t\t<\/p>\n\n\t\t\t\t<p class=\"affwp-lost-password\">\n\t\t\t\t\t<a href=\"https:\/\/targetlife.us\/vi\/my-account\/lost-password\/\">Qu\u00ean m\u1eadt kh\u1ea9u?<\/a>\n\t\t\t\t<\/p>\n\n\t\t\t\t\t\t\t<\/fieldset>\n\n\t\t\t\t\t<input type=\"hidden\" name=\"trp-form-language\" value=\"vi\"\/><\/form><\/div><\/div>","protected":false},"excerpt":{"rendered":"","protected":false},"author":3,"featured_media":0,"parent":205,"menu_order":5,"comment_status":"closed","ping_status":"closed","template":"","meta":{"_uag_custom_page_level_css":"","footnotes":""},"class_list":["post-220","page","type-page","status-publish","hentry"],"uagb_featured_image_src":{"full":false,"thumbnail":false,"medium":false,"medium_large":false,"large":false,"1536x1536":false,"2048x2048":false,"trp-custom-language-flag":false,"woocommerce_thumbnail":false,"woocommerce_single":false,"woocommerce_gallery_thumbnail":false},"uagb_author_info":{"display_name":"Vicky Chonburi Nguy\u1ec5n","author_link":"https:\/\/targetlife.us\/vi\/author\/targetlife777gmail-com\/"},"uagb_comment_info":0,"uagb_excerpt":null,"_links":{"self":[{"href":"https:\/\/targetlife.us\/vi\/wp-json\/wp\/v2\/pages\/220","targetHints":{"allow":["GET"]}}],"collection":[{"href":"https:\/\/targetlife.us\/vi\/wp-json\/wp\/v2\/pages"}],"about":[{"href":"https:\/\/targetlife.us\/vi\/wp-json\/wp\/v2\/types\/page"}],"author":[{"embeddable":true,"href":"https:\/\/targetlife.us\/vi\/wp-json\/wp\/v2\/users\/3"}],"replies":[{"embeddable":true,"href":"https:\/\/targetlife.us\/vi\/wp-json\/wp\/v2\/comments?post=220"}],"version-history":[{"count":3,"href":"https:\/\/targetlife.us\/vi\/wp-json\/wp\/v2\/pages\/220\/revisions"}],"predecessor-version":[{"id":1114,"href":"https:\/\/targetlife.us\/vi\/wp-json\/wp\/v2\/pages\/220\/revisions\/1114"}],"up":[{"embeddable":true,"href":"https:\/\/targetlife.us\/vi\/wp-json\/wp\/v2\/pages\/205"}],"wp:attachment":[{"href":"https:\/\/targetlife.us\/vi\/wp-json\/wp\/v2\/media?parent=220"}],"curies":[{"name":"wp","href":"https:\/\/api.w.org\/{rel}","templated":true}]}}