{"id":57,"date":"2024-01-11T10:31:39","date_gmt":"2024-01-11T10:31:39","guid":{"rendered":"https:\/\/targetlife.us\/?page_id=57"},"modified":"2024-03-15T06:48:04","modified_gmt":"2024-03-15T06:48:04","slug":"home","status":"publish","type":"page","link":"https:\/\/targetlife.us\/vi\/","title":{"rendered":"Trang Ch\u1ee7"},"content":{"rendered":"<div class=\"wp-block-cover alignfull is-light content-width-cover margin-bottom-0 height-auto padding-top-50 padding-bottom-50 wp-duotone-unset-1\" style=\"min-height:50px;aspect-ratio:unset;\"><span aria-hidden=\"true\" class=\"wp-block-cover__background has-white-background-color has-background-dim-0 has-background-dim\"><\/span><img loading=\"lazy\" decoding=\"async\" width=\"1280\" height=\"1332\" class=\"wp-block-cover__image-background wp-image-53\" alt=\"\" src=\"https:\/\/targetlife.us\/wp-content\/uploads\/man-standing-on-a-cliff.jpg\" style=\"object-position:57% 53%\" data-object-fit=\"cover\" data-object-position=\"57% 53%\" srcset=\"https:\/\/targetlife.us\/wp-content\/uploads\/man-standing-on-a-cliff.jpg 1280w, https:\/\/targetlife.us\/wp-content\/uploads\/man-standing-on-a-cliff-300x312.jpg 300w, https:\/\/targetlife.us\/wp-content\/uploads\/man-standing-on-a-cliff-600x624.jpg 600w, https:\/\/targetlife.us\/wp-content\/uploads\/man-standing-on-a-cliff-288x300.jpg 288w, https:\/\/targetlife.us\/wp-content\/uploads\/man-standing-on-a-cliff-984x1024.jpg 984w, https:\/\/targetlife.us\/wp-content\/uploads\/man-standing-on-a-cliff-768x799.jpg 768w\" sizes=\"auto, (max-width: 1280px) 100vw, 1280px\" \/><div class=\"wp-block-cover__inner-container is-layout-constrained wp-block-cover-is-layout-constrained\"><div class=\"wp-block-columns alignwide are-vertically-aligned-top is-layout-flex wp-container-core-columns-is-layout-1 wp-block-columns-is-layout-flex\"><div class=\"wp-block-column is-vertically-aligned-top is-layout-flow wp-block-column-is-layout-flow\"><div class=\"wp-block-cover is-light round padding-25\" style=\"min-height:50px;aspect-ratio:unset;\"><span aria-hidden=\"true\" class=\"wp-block-cover__background has-white-background-color has-background-dim\"><\/span><div class=\"wp-block-cover__inner-container is-layout-constrained wp-block-cover-is-layout-constrained\"><div class=\"wp-block-image\"><figure class=\"aligncenter size-full is-resized\"><img loading=\"lazy\" decoding=\"async\" width=\"727\" height=\"344\" src=\"https:\/\/targetlife.us\/wp-content\/uploads\/2024\/01\/TargetLife_Standard.png\" alt=\"\" class=\"wp-image-10\" style=\"width:200px\" srcset=\"https:\/\/targetlife.us\/wp-content\/uploads\/2024\/01\/TargetLife_Standard.png 727w, https:\/\/targetlife.us\/wp-content\/uploads\/2024\/01\/TargetLife_Standard-300x142.png 300w, https:\/\/targetlife.us\/wp-content\/uploads\/2024\/01\/TargetLife_Standard-600x284.png 600w\" sizes=\"auto, (max-width: 727px) 100vw, 727px\" \/><\/figure><\/div>\n\n<p class=\"has-text-align-center has-superbfont-medium-font-size\">B\u1ea3n Thi\u1ebft K\u1ebf V\u0169 Tr\u1ee5: C\u00e1ch Th\u1ea7n S\u1ed1 H\u1ecdc D\u1eabn D\u1eaft Ch\u00fang Ta Trong Cu\u1ed9c S\u1ed1ng<\/p>\n\n<div class=\"wp-block-buttons is-content-justification-center is-layout-flex wp-container-core-buttons-is-layout-1 wp-block-buttons-is-layout-flex\"><div class=\"wp-block-button has-custom-font-size btn-primary has-superbfont-small-font-size\"><a class=\"wp-block-button__link wp-element-button\" href=\"https:\/\/targetlife.us\/vi\/numerology\/\">Xem M\u1ee5c \u0110\u00edch S\u1ed1ng C\u1ee7a B\u1ea1n<\/a><\/div><\/div><\/div><\/div><\/div>\n\n<div class=\"wp-block-column is-vertically-aligned-top p-0 is-layout-flow wp-block-column-is-layout-flow\"><\/div><\/div><\/div><\/div><div class=\"wp-block-cover alignfull is-light content-width-cover margin-top-0 height-auto padding-top-25 padding-bottom-25\" style=\"min-height:50px;aspect-ratio:unset;\"><span aria-hidden=\"true\" class=\"wp-block-cover__background has-very-light-gray-background-color has-background-dim\"><\/span><div class=\"wp-block-cover__inner-container is-layout-constrained wp-block-cover-is-layout-constrained\"><blockquote class=\"wp-block-quote is-layout-flow wp-block-quote-is-layout-flow\"><p class=\"has-color-default-color has-text-color has-link-color has-superbfont-medium-font-size wp-elements-53783d07c92b2e56129979ac98e05c5d\">\"\u0110\u1eebng lo l\u1eafng v\u1ec1 th\u1ea5t b\u1ea1i. Lo l\u1eafng v\u1ec1 nh\u1eefng c\u01a1 h\u1ed9i b\u1ea1n b\u1ecf l\u1ee1 khi b\u1ea1n th\u1eadm ch\u00ed kh\u00f4ng th\u1eed.\"&nbsp;<\/p><cite>JACK CANFIELD<\/cite><\/blockquote><\/div><\/div><div class=\"wp-block-columns margin-bottom-50 margin-top-100 is-layout-flex wp-container-core-columns-is-layout-2 wp-block-columns-is-layout-flex\"><div class=\"wp-block-column is-layout-flow wp-block-column-is-layout-flow\" style=\"flex-basis:33.33%\"><div class=\"wp-block-cover is-light round height-column\"><span aria-hidden=\"true\" class=\"wp-block-cover__background has-background-dim-0 has-background-dim\"><\/span><img loading=\"lazy\" decoding=\"async\" width=\"1500\" height=\"1000\" class=\"wp-block-cover__image-background wp-image-54\" alt=\"\" src=\"https:\/\/targetlife.us\/wp-content\/uploads\/illu-home-about.jpg\" data-object-fit=\"cover\" srcset=\"https:\/\/targetlife.us\/wp-content\/uploads\/illu-home-about.jpg 1500w, https:\/\/targetlife.us\/wp-content\/uploads\/illu-home-about-300x200.jpg 300w, https:\/\/targetlife.us\/wp-content\/uploads\/illu-home-about-600x400.jpg 600w, https:\/\/targetlife.us\/wp-content\/uploads\/illu-home-about-1024x683.jpg 1024w, https:\/\/targetlife.us\/wp-content\/uploads\/illu-home-about-768x512.jpg 768w\" sizes=\"auto, (max-width: 1500px) 100vw, 1500px\" \/><div class=\"wp-block-cover__inner-container is-layout-flow wp-block-cover-is-layout-flow\"><div style=\"height:250px\" aria-hidden=\"true\" class=\"wp-block-spacer\"><\/div><\/div><\/div><\/div>\n\n<div class=\"wp-block-column is-layout-flow wp-block-column-is-layout-flow\" style=\"flex-basis:66.66%\"><h2 class=\"wp-block-heading\">V\u1ec1 Ch\u00fang T\u00f4i<\/h2>\n\n<p><strong>Target Life &#8211; Path to Success<\/strong> Trao quy\u1ec1n cho c\u00e1c h\u00e0nh tr\u00ecnh bi\u1ebfn \u0111\u1ed5i v\u1edbi ch\u01b0\u01a1ng tr\u00ecnh hu\u1ea5n luy\u1ec7n d\u1ef1a tr\u00ean s\u1ed1 h\u1ecdc \u0111\u1ec3 \u0111\u1ea1t \u0111\u01b0\u1ee3c th\u00e0nh c\u00f4ng v\u00e0 tr\u1ecdn v\u1eb9n to\u00e0n di\u1ec7n. \u0110\u01b0\u1ee3c th\u00e0nh l\u1eadp b\u1edfi Chonburi v Nguyen, m\u1ed9t chuy\u00ean gia v\u1ec1 t\u00e0i ch\u00ednh v\u00e0 b\u1ea3o hi\u1ec3m, ch\u00fang t\u00f4i truy\u1ec1n c\u1ea3m h\u1ee9ng cho nh\u1eefng ti\u1ec1m n\u0103ng ti\u1ec1m \u1ea9n v\u00e0 \u0111\u01b0a ra c\u00e1c chi\u1ebfn l\u01b0\u1ee3c c\u00e1 nh\u00e2n h\u00f3a \u0111\u1ec3 mang l\u1ea1i h\u1ea1nh ph\u00fac to\u00e0n di\u1ec7n, t\u0103ng tr\u01b0\u1edfng t\u00e0i ch\u00ednh v\u00e0 th\u1ecfa m\u00e3n c\u00e1 nh\u00e2n.<\/p>\n\n<div class=\"wp-block-buttons is-layout-flex wp-block-buttons-is-layout-flex\"><div class=\"wp-block-button btn-dark\"><a class=\"wp-block-button__link wp-element-button\" href=\"https:\/\/targetlife.us\/vi\/about-us\/\">Xem Th\u00eam V\u1ec1 Ch\u00fang T\u00f4i  <i class=\"fas fa-chevron-right\"><\/i><\/a><\/div><\/div><\/div><\/div><div class=\"wp-block-columns gap-0 is-layout-flex wp-container-core-columns-is-layout-3 wp-block-columns-is-layout-flex\"><div class=\"wp-block-column is-layout-flow wp-block-column-is-layout-flow\"><div class=\"wp-block-cover is-light has-custom-content-position is-position-top-center height-column padding-20 border border-light feature-block feature-block-simple\"><span aria-hidden=\"true\" class=\"wp-block-cover__background has-background-dim-0 has-background-dim\"><\/span><div class=\"wp-block-cover__inner-container is-layout-constrained wp-block-cover-is-layout-constrained\"><h3 class=\"wp-block-heading has-text-align-center padding-bottom-15 margin-bottom-25 border-bottom border-light has-color-dark-color has-text-color has-link-color has-superbfont-medium-font-size wp-elements-7f579f823010dea4f2ba61b6d8e4ffea\"><i class=\"fas fa-binoculars\"><\/i> T\u1ea7m Nh\u00ecn<\/h3>\n\n<p class=\"has-text-align-left txt-l txts-j paragraph has-color-default-color has-text-color has-link-color wp-elements-65ae4c146dc6d9dcb1b482c43e2a04e2\">Trao quy\u1ec1n cho s\u1ef1 bi\u1ebfn \u0111\u1ed5i, nu\u00f4i d\u01b0\u1ee1ng h\u1ea1nh ph\u00fac. C\u00e2u chuy\u1ec7n th\u00e0nh c\u00f4ng ri\u00eang c\u1ee7a m\u1ed7i kh\u00e1ch h\u00e0ng m\u1edf ra v\u1edbi nh\u1eefng chi\u1ebfn th\u1eafng v\u00e0 s\u1ef1 ph\u00e1t tri\u1ec3n c\u00e1 nh\u00e2n. S\u1ef1 h\u1ed7 tr\u1ee3 ph\u00f9 h\u1ee3p s\u1ebd kh\u01a1i d\u1eady ti\u1ec1m n\u0103ng, m\u1edf ra con \u0111\u01b0\u1eddng d\u1eabn \u0111\u1ebfn th\u00e0nh c\u00f4ng c\u1ee7a h\u1ecd. Ph\u1ea7n th\u01b0\u1edfng cu\u1ed1i c\u00f9ng c\u1ee7a ch\u00fang t\u00f4i: ch\u1ee9ng ki\u1ebfn \u200b\u200bkh\u00e1ch h\u00e0ng ph\u00e1t tri\u1ec3n v\u00e0 t\u1ea1o ra t\u00e1c \u0111\u1ed9ng t\u00edch c\u1ef1c trong cu\u1ed9c s\u1ed1ng c\u1ee7a h\u1ecd.<\/p><\/div><\/div><\/div>\n\n<div class=\"wp-block-column is-layout-flow wp-block-column-is-layout-flow\"><div class=\"wp-block-cover is-light has-custom-content-position is-position-top-center height-column padding-20 border border-light feature-block feature-block-simple\"><span aria-hidden=\"true\" class=\"wp-block-cover__background has-background-dim-0 has-background-dim\"><\/span><div class=\"wp-block-cover__inner-container is-layout-constrained wp-block-cover-is-layout-constrained\"><h3 class=\"wp-block-heading has-text-align-center padding-bottom-15 margin-bottom-25 border-bottom border-light has-color-dark-color has-text-color has-link-color has-superbfont-medium-font-size wp-elements-5eb065564b562e2fd8284bbaaf62c23e\"><i class=\"fas fa-bullseye\"><\/i> S\u1ee9 M\u1ec7nh<\/h3>\n\n<p class=\"has-text-align-left txt-l txts-j paragraph has-color-default-color has-text-color has-link-color wp-elements-edf544e286824e14b8e072d941cc61af\">M\u1edf ra con \u0111\u01b0\u1eddng d\u1eabn \u0111\u1ebfn th\u00e0nh c\u00f4ng b\u1eb1ng c\u00e1ch trao quy\u1ec1n cho c\u00e1c c\u00e1 nh\u00e2n nh\u1eefng c\u00f4ng c\u1ee5 v\u00e0 h\u01b0\u1edbng d\u1eabn c\u1ea7n thi\u1ebft m\u00e0 h\u1ecd c\u1ea7n \u0111\u1ec3 ph\u00e1t huy h\u1ebft ti\u1ec1m n\u0103ng c\u1ee7a m\u00ecnh, t\u1ea1o ra m\u1ed9t th\u1ebf gi\u1edbi n\u01a1i m\u1ecdi ng\u01b0\u1eddi \u0111\u1ec1u c\u00f3 th\u1ec3 ph\u00e1t tri\u1ec3n v\u00e0 th\u1ef1c hi\u1ec7n \u01b0\u1edbc m\u01a1 c\u1ee7a m\u00ecnh.<\/p><\/div><\/div><\/div>\n\n<div class=\"wp-block-column is-layout-flow wp-block-column-is-layout-flow\"><div class=\"wp-block-cover is-light has-custom-content-position is-position-top-center height-column padding-20 border border-light feature-block feature-block-simple\"><span aria-hidden=\"true\" class=\"wp-block-cover__background has-background-dim-0 has-background-dim\"><\/span><div class=\"wp-block-cover__inner-container is-layout-constrained wp-block-cover-is-layout-constrained\"><h3 class=\"wp-block-heading has-text-align-center padding-bottom-15 margin-bottom-25 border-bottom border-light has-color-dark-color has-text-color has-link-color has-superbfont-medium-font-size wp-elements-958c73754d8e86f17b5f82a47100105f\"><i class=\"fas fa-hand-holding-heart\"><\/i> Cam K\u1ebft<\/h3>\n\n<p class=\"has-text-align-left txt-l txts-j paragraph has-color-default-color has-text-color has-link-color wp-elements-26b42cd1086b16ac5943f4abe365a195\">Hi\u1ec3u r\u00f5 t\u00e0i n\u0103ng, c\u1ea3m x\u00fac v\u00e0 \u0111\u1ecbnh h\u01b0\u1edbng c\u1ee7a b\u1ea1n \u0111\u1ec3 c\u00f3 nh\u1eefng quy\u1ebft \u0111\u1ecbnh t\u1ef1 tin v\u00e0 m\u1ed9t cu\u1ed9c s\u1ed1ng c\u00f3 m\u1ee5c \u0111\u00edch. Khai th\u00e1c s\u1ef1 \u0111\u1ed9c \u0111\u00e1o c\u1ee7a b\u1ea1n \u0111\u1ec3 c\u00f3 m\u1ed9t h\u00e0nh tr\u00ecnh th\u00e0nh c\u00f4ng v\u00e0 \u00fd ngh\u0129a<\/p><\/div><\/div><\/div>\n\n<div class=\"wp-block-column is-layout-flow wp-block-column-is-layout-flow\"><div class=\"wp-block-cover is-light has-custom-content-position is-position-top-center height-column padding-20 border border-light feature-block feature-block-simple\"><span aria-hidden=\"true\" class=\"wp-block-cover__background has-white-background-color has-background-dim-0 has-background-dim\"><\/span><div class=\"wp-block-cover__inner-container is-layout-constrained wp-block-cover-is-layout-constrained\"><h3 class=\"wp-block-heading has-text-align-center padding-bottom-15 margin-bottom-25 border-bottom border-light has-color-dark-color has-text-color has-link-color has-superbfont-medium-font-size wp-elements-b049f38c1c2b188058670f6daa31c0eb\"><i class=\"fas fa-award\"><\/i> Kh\u00e1c Bi\u1ec7t<\/h3>\n\n<p class=\"has-text-align-left txt-l txts-j paragraph has-color-default-color has-text-color has-link-color wp-elements-8255dd888125caa7c90ca53f9b49e62a\">Ch\u00fang t\u00f4i l\u00e0 m\u1ed9t nh\u00f3m c\u00e1c chuy\u00ean gia chuy\u00ean v\u1ec1 c\u1ea3 l\u0129nh v\u1ef1c t\u00e0i ch\u00ednh v\u00e0 s\u1ed1 h\u1ecdc, nh\u1eb1m gi\u00fap c\u00e1c c\u00e1 nh\u00e2n khai th\u00e1c ti\u1ec1m n\u0103ng t\u00e0i ch\u00ednh ti\u1ec1m \u1ea9n c\u1ee7a h\u1ecd. B\u1eb1ng c\u00e1ch khai th\u00e1c s\u1ee9c m\u1ea1nh c\u1ee7a c\u00e1c con s\u1ed1, ch\u00fang t\u00f4i cung c\u1ea5p nh\u1eefng hi\u1ec3u bi\u1ebft v\u00e0 chi\u1ebfn l\u01b0\u1ee3c \u0111\u01b0\u1ee3c c\u00e1 nh\u00e2n h\u00f3a c\u00f3 th\u1ec3 m\u1edf ra con \u0111\u01b0\u1eddng d\u1eabn \u0111\u1ebfn s\u1ef1 gi\u00e0u c\u00f3 v\u00e0 th\u1ecbnh v\u01b0\u1ee3ng h\u01a1n<\/p><\/div><\/div><\/div><\/div><div class=\"wp-block-cover alignfull is-light height-auto margin-top-100 padding-top-75 padding-bottom-75 content-width-cover\"><span aria-hidden=\"true\" class=\"wp-block-cover__background has-color-secondary-background-color has-background-dim-20 has-background-dim\"><\/span><div class=\"wp-block-cover__inner-container is-layout-constrained wp-block-cover-is-layout-constrained\"><div class=\"wp-block-columns is-layout-flex wp-container-core-columns-is-layout-4 wp-block-columns-is-layout-flex\"><div class=\"wp-block-column is-layout-flow wp-block-column-is-layout-flow\" style=\"flex-basis:66.66%\"><h2 class=\"wp-block-heading has-color-primary-color has-text-color has-link-color wp-elements-e69d1ff39efb980cbae060c077fe7575\">Th\u1ea7n S\u1ed1 H\u1ecdc<\/h2>\n\n<h3 class=\"wp-block-heading txt-primary\">T\u1ed5ng Quan<\/h3>\n\n<p class=\"padding-20 padding-m-0\">S\u1ed1 h\u1ecdc l\u00e0 s\u1ef1 ki\u1ec3m tra c\u00e1c m\u1ed1i t\u01b0\u01a1ng quan b\u00ed \u1ea9n gi\u1eefa c\u00e1c con s\u1ed1, ch\u1eef c\u00e1i v\u00e0 c\u1ea5u h\u00ecnh. T\u01b0\u01a1ng t\u1ef1 nh\u01b0 c\u00e1c ph\u01b0\u01a1ng ph\u00e1p b\u00f3i to\u00e1n kh\u00e1c nhau, s\u1ed1 h\u1ecdc c\u00f3 ch\u1ee9c n\u0103ng nh\u01b0 m\u1ed9t c\u00f4ng c\u1ee5 \u0111\u1ec3 n\u00e2ng cao kh\u1ea3 n\u0103ng t\u1ef1 nh\u1eadn th\u1ee9c, hi\u1ec3u \u0111\u01b0\u1ee3c \u0111\u1ed9ng l\u1ef1c gi\u1eefa c\u00e1c c\u00e1 nh\u00e2n v\u00e0 x\u00e1c \u0111\u1ecbnh m\u1ed1i li\u00ean h\u1ec7 r\u1ed9ng h\u01a1n c\u1ee7a ch\u00fang ta v\u1edbi v\u0169 tr\u1ee5. H\u01a1n n\u1eefa, n\u00f3 ti\u1ebft l\u1ed9 nh\u1eefng kh\u00e1t v\u1ecdng \u0111\u00edch th\u1ef1c c\u1ee7a ch\u00fang ta v\u00e0 nh\u1eefng h\u00e0nh \u0111\u1ed9ng c\u1ea7n thi\u1ebft \u0111\u1ec3 hi\u1ec7n th\u1ef1c h\u00f3a ch\u00fang. Ngo\u00e0i ra, n\u00f3 c\u00f2n ph\u1ee5c v\u1ee5 nh\u01b0 m\u1ed9t ngu\u1ed3n t\u00e0i nguy\u00ean qu\u00fd gi\u00e1 \u0111\u1ec3 hi\u1ec3u \u0111\u01b0\u1ee3c nh\u1eefng \u1ea3nh h\u01b0\u1edfng nghi\u1ec7p b\u00e1o v\u00e0 t\u00ednh li\u00ean t\u1ee5c hi\u1ec7n di\u1ec7n trong c\u00e1c m\u1ed1i quan h\u1ec7.<\/p>\n\n<h3 class=\"wp-block-heading txt-primary\">N\u00f3 gi\u00fap \u00edch nh\u01b0 th\u1ebf n\u00e0o?<\/h3>\n\n<p class=\"padding-20 padding-m-0\">Th\u00f4ng qua s\u1ed1 h\u1ecdc, ch\u00fang ta c\u00f3 th\u1ec3 n\u1eafm b\u1eaft to\u00e0n di\u1ec7n nh\u1eefng h\u1ea1n ch\u1ebf c\u1ee7a m\u00ecnh, cho ph\u00e9p \u0111\u00e1nh gi\u00e1 m\u1ed9t c\u00e1ch chi\u1ebfn l\u01b0\u1ee3c v\u1ec1 hi\u1ec7u qu\u1ea3 ti\u1ec1m t\u00e0ng v\u1ed1n c\u00f3 trong c\u00e1c kh\u00eda c\u1ea1nh s\u1ed1 h\u1ecdc trong bi\u1ec3u \u0111\u1ed3 sinh c\u1ee7a ch\u00fang ta, th\u00fac \u0111\u1ea9y ch\u00fang ta h\u01b0\u1edbng t\u1edbi m\u1ee5c ti\u00eau c\u1ee7a m\u00ecnh. \u0110\u00f3ng vai tr\u00f2 nh\u01b0 m\u1ed9t con \u0111\u01b0\u1eddng \u0111\u00e1ng ch\u00fa \u00fd \u0111\u1ec3 th\u0103ng ti\u1ebfn c\u00e1 nh\u00e2n, s\u1ed1 h\u1ecdc nh\u1ea5n m\u1ea1nh m\u1ed9t c\u00e1ch t\u1ec9 m\u1ec9 s\u1ef1 th\u00e0nh th\u1ea1o c\u1ee7a ch\u00fang ta \u0111\u1ed3ng th\u1eddi cung c\u1ea5p nh\u1eefng hi\u1ec3u bi\u1ebft s\u00e2u s\u1eafc v\u1ec1 c\u00e1c l\u0129nh v\u1ef1c d\u1ec5 b\u1ecb t\u1ed5n th\u01b0\u01a1ng. Ph\u01b0\u01a1ng ph\u00e1p n\u00e0y th\u00fac \u0111\u1ea9y s\u1ef1 hi\u1ec3u bi\u1ebft to\u00e0n di\u1ec7n v\u1ec1 s\u1ef1 t\u1ed3n t\u1ea1i c\u1ee7a ch\u00fang ta, t\u1eeb \u0111\u00f3 n\u00e2ng cao kh\u1ea3 n\u0103ng c\u1ee7a ch\u00fang ta trong vi\u1ec7c x\u00e2y d\u1ef1ng v\u00e0 \u0111\u1ea9y nhanh c\u00e1c m\u1ee5c ti\u00eau c\u0169ng nh\u01b0 h\u00e0nh \u0111\u1ed9ng ti\u1ebfp theo m\u1ed9t c\u00e1ch t\u1ec9 m\u1ec9.<\/p><\/div>\n\n<div class=\"wp-block-column order-sm-first is-layout-flow wp-block-column-is-layout-flow\" style=\"flex-basis:33.33%\"><figure class=\"wp-block-image size-full round\"><img loading=\"lazy\" decoding=\"async\" width=\"900\" height=\"600\" src=\"https:\/\/targetlife.us\/wp-content\/uploads\/illu-home-numerology.jpg\" alt=\"\" class=\"wp-image-55\" srcset=\"https:\/\/targetlife.us\/wp-content\/uploads\/illu-home-numerology.jpg 900w, https:\/\/targetlife.us\/wp-content\/uploads\/illu-home-numerology-300x200.jpg 300w, https:\/\/targetlife.us\/wp-content\/uploads\/illu-home-numerology-600x400.jpg 600w, https:\/\/targetlife.us\/wp-content\/uploads\/illu-home-numerology-768x512.jpg 768w\" sizes=\"auto, (max-width: 900px) 100vw, 900px\" \/><\/figure>\n\n<div class=\"wp-block-buttons is-content-justification-center is-layout-flex wp-container-core-buttons-is-layout-3 wp-block-buttons-is-layout-flex\"><div class=\"wp-block-button btn-primary\"><a class=\"wp-block-button__link wp-element-button\" href=\"https:\/\/targetlife.us\/vi\/numerology\/\">Get a Report<\/a><\/div><\/div><\/div><\/div><\/div><\/div><div class=\"wp-block-columns margin-top-100 is-layout-flex wp-container-core-columns-is-layout-5 wp-block-columns-is-layout-flex\"><div class=\"wp-block-column is-layout-flow wp-block-column-is-layout-flow\" style=\"flex-basis:33.33%\"><div class=\"wp-block-cover is-light round height-column\"><span aria-hidden=\"true\" class=\"wp-block-cover__background has-background-dim-0 has-background-dim\"><\/span><img loading=\"lazy\" decoding=\"async\" width=\"1000\" height=\"412\" class=\"wp-block-cover__image-background wp-image-56\" alt=\"\" src=\"https:\/\/targetlife.us\/wp-content\/uploads\/illu-home-finance.jpg\" style=\"object-position:56% 62%\" data-object-fit=\"cover\" data-object-position=\"56% 62%\" srcset=\"https:\/\/targetlife.us\/wp-content\/uploads\/illu-home-finance.jpg 1000w, https:\/\/targetlife.us\/wp-content\/uploads\/illu-home-finance-300x124.jpg 300w, https:\/\/targetlife.us\/wp-content\/uploads\/illu-home-finance-600x247.jpg 600w, https:\/\/targetlife.us\/wp-content\/uploads\/illu-home-finance-768x316.jpg 768w\" sizes=\"auto, (max-width: 1000px) 100vw, 1000px\" \/><div class=\"wp-block-cover__inner-container is-layout-flow wp-block-cover-is-layout-flow\"><div style=\"height:250px\" aria-hidden=\"true\" class=\"wp-block-spacer\"><\/div><\/div><\/div><\/div>\n\n<div class=\"wp-block-column is-layout-flow wp-block-column-is-layout-flow\" style=\"flex-basis:66.66%\"><h2 class=\"wp-block-heading\">T\u00e0i Ch\u00ednh<\/h2>\n\n<p>T\u1ea1i \u201cTarget Life\u201d, ch\u00fang t\u00f4i s\u1eed d\u1ee5ng m\u1ed1i li\u00ean h\u1ec7 h\u1ea5p d\u1eabn gi\u1eefa s\u1ed1 h\u1ecdc v\u00e0 t\u00e0i ch\u00ednh \u0111\u1ec3 m\u1edf kh\u00f3a b\u00ed m\u1eadt c\u1ee7a s\u1ef1 gi\u00e0u c\u00f3 th\u1ef1c s\u1ef1. S\u1ed1 h\u1ecdc c\u00f3 th\u1ec3 l\u00e0 m\u1ed9t c\u00f4ng c\u1ee5 m\u1ea1nh m\u1ebd \u0111\u1ec3 hi\u1ec3u r\u00f5 h\u01a1n v\u1ec1 ti\u1ec1m n\u0103ng ki\u1ebfm ti\u1ec1n c\u1ee7a b\u1ea1n. M\u1ed7i con s\u1ed1 c\u00f3 \u0111\u1ed9 rung v\u00e0 n\u0103ng l\u01b0\u1ee3ng ri\u00eang c\u00f3 th\u1ec3 \u1ea3nh h\u01b0\u1edfng \u0111\u1ebfn t\u00e0i ch\u00ednh c\u1ee7a b\u1ea1n theo nh\u1eefng c\u00e1ch kh\u00e1c nhau. <\/p>\n\n<p>B\u1eb1ng c\u00e1ch hi\u1ec3u \u0111\u01b0\u1ee3c n\u0103ng l\u01b0\u1ee3ng c\u1ee7a c\u00e1c con s\u1ed1 kh\u00e1c nhau v\u00e0 c\u00e1ch ch\u00fang c\u00f3 th\u1ec3 t\u00e1c \u0111\u1ed9ng \u0111\u1ebfn tri\u1ec3n v\u1ecdng t\u00e0i ch\u00ednh c\u1ee7a b\u1ea1n, b\u1ea1n c\u00f3 th\u1ec3 s\u1eed d\u1ee5ng s\u1ed1 h\u1ecdc \u0111\u1ec3 gi\u00fap b\u1ea1n \u0111\u01b0a ra quy\u1ebft \u0111\u1ecbnh t\u1ed1t h\u01a1n khi li\u00ean quan \u0111\u1ebfn ti\u1ec1n b\u1ea1c. B\u1ea1n c\u0169ng c\u00f3 th\u1ec3 s\u1eed d\u1ee5ng s\u1ed1 h\u1ecdc \u0111\u1ec3 x\u00e1c \u0111\u1ecbnh \u0111i\u1ec3m m\u1ea1nh v\u00e0 \u0111i\u1ec3m y\u1ebfu c\u1ee7a m\u00ecnh v\u00e0 ph\u00e1t tri\u1ec3n c\u00e1ch ti\u1ebfp c\u1eadn chi\u1ebfn l\u01b0\u1ee3c h\u01a1n \u0111\u1ec3 ki\u1ebfm v\u00e0 qu\u1ea3n l\u00fd ti\u1ec1n c\u1ee7a m\u00ecnh. D\u1eabn d\u1eaft b\u1ea1n tr\u00ean \u201cCon \u0111\u01b0\u1eddng d\u1eabn \u0111\u1ebfn th\u00e0nh c\u00f4ng\u201d c\u1ee7a ri\u00eang b\u1ea1n<\/p>\n\n<div class=\"wp-block-buttons is-layout-flex wp-block-buttons-is-layout-flex\"><div class=\"wp-block-button btn-secondary booking-button\"><a class=\"wp-block-button__link wp-element-button\">\u0110\u1eb7t L\u1ecbch T\u01b0 V\u1ea5n<\/a><\/div><\/div>\n\n<div class=\"wp-block-amelia-step-booking-gutenberg-block\">\n<script>\n  if (typeof hasAmeliaEntitiesApiCall === 'undefined' && 'booking-button' === '') {\n    var hasAmeliaEntitiesApiCall = true;\n  }\n  var ameliaShortcodeData = (typeof ameliaShortcodeData === 'undefined') ? [] : ameliaShortcodeData;\n  ameliaShortcodeData.push(\n    {\n      'hasApiCall': (typeof hasAmeliaEntitiesApiCall !== 'undefined') && hasAmeliaEntitiesApiCall,\n      'trigger': 'booking-button',\n      'trigger_type': 'class',\n      'triggered_form': 'sbsNew',\n      'in_dialog': '1',\n      'show': '',\n      'counter': '1000',\n      'category': '1',\n      'service': '',\n      'employee': '',\n      'location': '',\n      'package': ''\n    }\n  );\n\n  var ameliaShortcodeDataTriggered = (typeof ameliaShortcodeDataTriggered === 'undefined') ? [] : ameliaShortcodeDataTriggered;\n  if (ameliaShortcodeData[ameliaShortcodeData.length - 1].trigger !== '') {\n    if (ameliaShortcodeDataTriggered.filter(a => a.counter === ameliaShortcodeData[ameliaShortcodeData.length - 1].counter).length === 0) {\n      ameliaShortcodeDataTriggered.push(ameliaShortcodeData.pop());\n    } else {\n      ameliaShortcodeData.pop()\n    }\n  }\n  if (typeof hasAmeliaEntitiesApiCall !== 'undefined' && hasAmeliaEntitiesApiCall) {\n    hasAmeliaEntitiesApiCall = false;\n  }\n<\/script>\n\n<div\n  id=\"amelia-v2-booking-1000\"\n  class=\"amelia-v2-booking amelia-skip-load amelia-skip-load-1000\"\n >\n    <dialog-forms><\/dialog-forms><\/div>\n<\/div><\/div><\/div>","protected":false},"excerpt":{"rendered":"<p>About Us Target Life &#8211; Path to Success Empowering transformative journeys with numerology-infused coaching for comprehensive success and fulfillment. Founded by Chonburi v Nguyen, an expert in finance and insurance,&hellip;<\/p>","protected":false},"author":3,"featured_media":0,"parent":0,"menu_order":0,"comment_status":"closed","ping_status":"closed","template":"","meta":{"_uag_custom_page_level_css":"","footnotes":""},"class_list":["post-57","page","type-page","status-publish","hentry"],"uagb_featured_image_src":{"full":false,"thumbnail":false,"medium":false,"medium_large":false,"large":false,"1536x1536":false,"2048x2048":false,"trp-custom-language-flag":false,"woocommerce_thumbnail":false,"woocommerce_single":false,"woocommerce_gallery_thumbnail":false},"uagb_author_info":{"display_name":"Vicky Chonburi Nguy\u1ec5n","author_link":"https:\/\/targetlife.us\/vi\/author\/targetlife777gmail-com\/"},"uagb_comment_info":0,"uagb_excerpt":"About Us Target Life &#8211; Path to Success Empowering transformative journeys with numerology-infused coaching for comprehensive success and fulfillment. Founded by Chonburi v Nguyen, an expert in finance and insurance,&hellip;","_links":{"self":[{"href":"https:\/\/targetlife.us\/vi\/wp-json\/wp\/v2\/pages\/57","targetHints":{"allow":["GET"]}}],"collection":[{"href":"https:\/\/targetlife.us\/vi\/wp-json\/wp\/v2\/pages"}],"about":[{"href":"https:\/\/targetlife.us\/vi\/wp-json\/wp\/v2\/types\/page"}],"author":[{"embeddable":true,"href":"https:\/\/targetlife.us\/vi\/wp-json\/wp\/v2\/users\/3"}],"replies":[{"embeddable":true,"href":"https:\/\/targetlife.us\/vi\/wp-json\/wp\/v2\/comments?post=57"}],"version-history":[{"count":65,"href":"https:\/\/targetlife.us\/vi\/wp-json\/wp\/v2\/pages\/57\/revisions"}],"predecessor-version":[{"id":1749,"href":"https:\/\/targetlife.us\/vi\/wp-json\/wp\/v2\/pages\/57\/revisions\/1749"}],"wp:attachment":[{"href":"https:\/\/targetlife.us\/vi\/wp-json\/wp\/v2\/media?parent=57"}],"curies":[{"name":"wp","href":"https:\/\/api.w.org\/{rel}","templated":true}]}}