{"id":1347,"date":"2024-01-31T13:25:28","date_gmt":"2024-01-31T13:25:28","guid":{"rendered":"https:\/\/targetlife.us\/?post_type=product&#038;p=1347"},"modified":"2024-02-03T08:02:00","modified_gmt":"2024-02-03T08:02:00","slug":"childrens-psychology","status":"publish","type":"product","link":"https:\/\/targetlife.us\/vi\/san-pham\/childrens-psychology\/","title":{"rendered":"Children&#8217;s Psychology"},"content":{"rendered":"<p><strong>Children&#8217;s Psychology: Nurturing Potential<\/strong><\/p>\n<p>Unlocking your child&#8217;s potential starts with understanding them deeply. An intriguing method for this is numerology. By decoding birth dates, you gain insights into their traits and strengths, aiding tailored growth.<\/p>\n<p>Tuy nhi\u00ean, s\u1ef1 hi\u1ec3u bi\u1ebft th\u1ef1c s\u1ef1 v\u01b0\u1ee3t xa nh\u1eefng con s\u1ed1. L\u1eafng nghe, quan s\u00e1t v\u00e0 k\u1ebft n\u1ed1i c\u1ea3m x\u00fac. Khuy\u1ebfn kh\u00edch c\u00e1c cu\u1ed9c tr\u00f2 chuy\u1ec7n c\u1edfi m\u1edf \u0111\u1ec3 kh\u00e1m ph\u00e1 nh\u1eefng t\u00e0i n\u0103ng v\u00e0 th\u00e1ch th\u1ee9c ti\u1ec1m \u1ea9n.<\/p>\n<p>Th\u00e0nh c\u00f4ng trong h\u1ecdc t\u1eadp l\u00e0 quan tr\u1ecdng nh\u01b0ng k\u1ef9 n\u0103ng s\u1ed1ng c\u0169ng quan tr\u1ecdng. D\u1ea1y kh\u1ea3 n\u0103ng ph\u1ee5c h\u1ed3i, s\u1ef1 \u0111\u1ed3ng c\u1ea3m v\u00e0 gi\u1ea3i quy\u1ebft v\u1ea5n \u0111\u1ec1 th\u00f4ng qua c\u00e1c ho\u1ea1t \u0111\u1ed9ng h\u00e0ng ng\u00e0y. Nu\u00f4i d\u01b0\u1ee1ng s\u1ef1 \u0111\u1ed9c \u0111\u00e1o c\u1ee7a h\u1ecd v\u00e0 \u0111\u00f3n nh\u1eadn nh\u1eefng t\u00e0i n\u0103ng \u0111a d\u1ea1ng \u0111\u1ec3 c\u00f3 m\u1ed9t t\u01b0\u01a1ng lai t\u01b0\u01a1i s\u00e1ng v\u00e0 to\u00e0n di\u1ec7n.<\/p>\n<ul>\n<li>The role of numbers in a child&#8217;s life<\/li>\n<li>S\u1ed1 h\u1ecdc v\u00e0 s\u1ef1 ph\u00e1t tri\u1ec3n t\u00e0i n\u0103ng v\u00e0 kh\u1ea3 n\u0103ng<\/li>\n<li>Understanding a child&#8217;s life path through numerology<\/li>\n<\/ul>\n<p>Khai th\u00e1c s\u1ee9c m\u1ea1nh c\u1ee7a s\u1ed1 h\u1ecdc \u0111\u1ec3 hi\u1ec3u r\u00f5 h\u01a1n v\u1ec1 tr\u1ebb em. B\u00e1o c\u00e1o d\u00e0nh cho tr\u1ebb em d\u01b0\u1edbi 15 tu\u1ed5i.<\/p>\n<div class=\"margin-top-25 margin-bottom-50\"><a class=\"si-btn btn-small btn-primary\" href=\"https:\/\/targetlife.us\/vi\/numerology\/kid\/\">Get a Demo Reading<\/a><\/div>","protected":false},"excerpt":{"rendered":"<p><strong>Unleash Every Child&#8217;s Potential: Discover the extraordinary blend of strengths and instincts that define each child. Unlock the strategies to nurture and amplify their distinct skills and talents for a future full of promise.<\/strong><\/p>\n<div class=\"margin-top-25 margin-bottom-50\"><a class=\"si-btn btn-small btn-primary\" href=\"https:\/\/targetlife.us\/vi\/numerology\/kid\/\">Get a Demo Reading<\/a><\/div>","protected":false},"featured_media":1353,"comment_status":"open","ping_status":"closed","template":"","meta":{"_uag_custom_page_level_css":""},"product_brand":[],"product_cat":[24],"product_tag":[69,26,25,28],"class_list":{"0":"post-1347","1":"product","2":"type-product","3":"status-publish","4":"has-post-thumbnail","6":"product_cat-numerology-reports","7":"product_tag-childrens-psychology","8":"product_tag-downloadable","9":"product_tag-numerology-report","10":"product_tag-pdf","12":"first","13":"instock","14":"downloadable","15":"virtual","16":"purchasable","17":"product-type-simple"},"uagb_featured_image_src":{"full":["https:\/\/targetlife.us\/wp-content\/uploads\/Report-Kids.png",2000,1700,false],"thumbnail":["https:\/\/targetlife.us\/wp-content\/uploads\/Report-Kids-150x150.png",150,150,true],"medium":["https:\/\/targetlife.us\/wp-content\/uploads\/Report-Kids-300x255.png",300,255,true],"medium_large":["https:\/\/targetlife.us\/wp-content\/uploads\/Report-Kids-768x653.png",768,653,true],"large":["https:\/\/targetlife.us\/wp-content\/uploads\/Report-Kids-1024x870.png",1024,870,true],"1536x1536":["https:\/\/targetlife.us\/wp-content\/uploads\/Report-Kids-1536x1306.png",1536,1306,true],"2048x2048":["https:\/\/targetlife.us\/wp-content\/uploads\/Report-Kids.png",2000,1700,false],"trp-custom-language-flag":["https:\/\/targetlife.us\/wp-content\/uploads\/Report-Kids.png",14,12,false],"woocommerce_thumbnail":["https:\/\/targetlife.us\/wp-content\/uploads\/Report-Kids-300x255.png",300,255,true],"woocommerce_single":["https:\/\/targetlife.us\/wp-content\/uploads\/Report-Kids-600x510.png",600,510,true],"woocommerce_gallery_thumbnail":["https:\/\/targetlife.us\/wp-content\/uploads\/Report-Kids-150x150.png",150,150,true]},"uagb_author_info":{"display_name":"Vicky Chonburi Nguy\u1ec5n","author_link":"https:\/\/targetlife.us\/vi\/author\/"},"uagb_comment_info":0,"uagb_excerpt":"Unleash Every Child's Potential: Discover the extraordinary blend of strengths and instincts that define each child. Unlock the strategies to nurture and amplify their distinct skills and talents for a future full of promise. Get a Demo Reading","_links":{"self":[{"href":"https:\/\/targetlife.us\/vi\/wp-json\/wp\/v2\/product\/1347","targetHints":{"allow":["GET"]}}],"collection":[{"href":"https:\/\/targetlife.us\/vi\/wp-json\/wp\/v2\/product"}],"about":[{"href":"https:\/\/targetlife.us\/vi\/wp-json\/wp\/v2\/types\/product"}],"replies":[{"embeddable":true,"href":"https:\/\/targetlife.us\/vi\/wp-json\/wp\/v2\/comments?post=1347"}],"wp:featuredmedia":[{"embeddable":true,"href":"https:\/\/targetlife.us\/vi\/wp-json\/wp\/v2\/media\/1353"}],"wp:attachment":[{"href":"https:\/\/targetlife.us\/vi\/wp-json\/wp\/v2\/media?parent=1347"}],"wp:term":[{"taxonomy":"product_brand","embeddable":true,"href":"https:\/\/targetlife.us\/vi\/wp-json\/wp\/v2\/product_brand?post=1347"},{"taxonomy":"product_cat","embeddable":true,"href":"https:\/\/targetlife.us\/vi\/wp-json\/wp\/v2\/product_cat?post=1347"},{"taxonomy":"product_tag","embeddable":true,"href":"https:\/\/targetlife.us\/vi\/wp-json\/wp\/v2\/product_tag?post=1347"}],"curies":[{"name":"wp","href":"https:\/\/api.w.org\/{rel}","templated":true}]}}