{"id":1348,"date":"2024-02-01T07:55:11","date_gmt":"2024-02-01T07:55:11","guid":{"rendered":"https:\/\/targetlife.us\/?post_type=product&#038;p=1348"},"modified":"2024-02-03T08:06:16","modified_gmt":"2024-02-03T08:06:16","slug":"success-in-sales","status":"publish","type":"product","link":"https:\/\/targetlife.us\/vi\/san-pham\/success-in-sales\/","title":{"rendered":"Th\u1ea5u Hi\u1ec3u Kh\u00e1ch H\u00e0ng"},"content":{"rendered":"<p><strong>Your Key to Tailored Sales<\/strong><\/p>\n<p>Unlock insights into clients&#8217; needs using numerology \u2013 it&#8217;s not magic, but it&#8217;s powerful. Craft custom approaches based on their energies and preferences. Build trust and stand out in the market by aligning core values with your offerings. Elevate your sales game with numerology.<\/p>\n<ul>\n<li>Unlocking the Power of Numerology in Sales<\/li>\n<li>Understanding your target audience<\/li>\n<li>Applying Numerology to Your Sales Strategy<\/li>\n<li>Creating personalized sales experiences<\/li>\n<li>Using Numerology to Tailor Your Approach<\/li>\n<li>Tips and Tricks for Incorporating Numerology into Sales<\/li>\n<li>Conclusion: Harnessing the Potential of Personalized Sales<\/li>\n<\/ul>\n<p>By tailoring strategies to individual customers&#8217; needs and preferences, businesses forge stronger connections, addressing objections effectively.<\/p>\n<div class=\"margin-top-25 margin-bottom-50\"><a class=\"si-btn btn-small btn-primary\" href=\"https:\/\/targetlife.us\/vi\/numerology\/sales\/\">Get a Demo Reading<\/a><\/div>","protected":false},"excerpt":{"rendered":"<p>Ti\u1ebft l\u1ed9 nh\u1eefng hi\u1ec3u bi\u1ebft \u0111\u00e1ng kinh ng\u1ea1c! \u0110i s\u00e2u v\u00e0o th\u1ebf gi\u1edbi s\u1ed1 h\u1ecdc \u0111\u1ec3 hi\u1ec3u s\u00e2u h\u01a1n v\u1ec1 kh\u00e1ch h\u00e0ng c\u1ee7a b\u1ea1n. Kh\u00e1m ph\u00e1 c\u00e1ch \u0111i\u1ec1u ch\u1ec9nh ho\u1ea1t \u0111\u1ed9ng b\u00e1n h\u00e0ng v\u00e0 d\u1ecbch v\u1ee5 c\u1ee7a b\u1ea1n \u0111\u1ec3 c\u1ed9ng h\u01b0\u1edfng ho\u00e0n h\u1ea3o v\u1edbi ngu\u1ed3n n\u0103ng l\u01b0\u1ee3ng v\u00e0 s\u1edf th\u00edch \u0111\u1ed9c \u0111\u00e1o c\u1ee7a h\u1ecd. N\u00e2ng cao c\u00e1ch ti\u1ebfp c\u1eadn c\u1ee7a b\u1ea1n v\u00e0 th\u00fac \u0111\u1ea9y c\u00e1c k\u1ebft n\u1ed1i m\u1ea1nh m\u1ebd.<\/p>\n<div class=\"margin-top-25 margin-bottom-50\"><a class=\"si-btn btn-small btn-primary\" href=\"https:\/\/targetlife.us\/vi\/numerology\/sales\/\">Get a Demo Reading<\/a><\/div>","protected":false},"featured_media":1355,"comment_status":"open","ping_status":"closed","template":"","meta":{"_uag_custom_page_level_css":""},"product_brand":[],"product_cat":[24],"product_tag":[26,25,28,70],"class_list":{"0":"post-1348","1":"product","2":"type-product","3":"status-publish","4":"has-post-thumbnail","6":"product_cat-numerology-reports","7":"product_tag-downloadable","8":"product_tag-numerology-report","9":"product_tag-pdf","10":"product_tag-success-in-sales","12":"first","13":"instock","14":"shipping-taxable","15":"purchasable","16":"product-type-simple"},"uagb_featured_image_src":{"full":["https:\/\/targetlife.us\/wp-content\/uploads\/Report-Sales.png",2000,1700,false],"thumbnail":["https:\/\/targetlife.us\/wp-content\/uploads\/Report-Sales-150x150.png",150,150,true],"medium":["https:\/\/targetlife.us\/wp-content\/uploads\/Report-Sales-300x255.png",300,255,true],"medium_large":["https:\/\/targetlife.us\/wp-content\/uploads\/Report-Sales-768x653.png",768,653,true],"large":["https:\/\/targetlife.us\/wp-content\/uploads\/Report-Sales-1024x870.png",1024,870,true],"1536x1536":["https:\/\/targetlife.us\/wp-content\/uploads\/Report-Sales-1536x1306.png",1536,1306,true],"2048x2048":["https:\/\/targetlife.us\/wp-content\/uploads\/Report-Sales.png",2000,1700,false],"trp-custom-language-flag":["https:\/\/targetlife.us\/wp-content\/uploads\/Report-Sales.png",14,12,false],"woocommerce_thumbnail":["https:\/\/targetlife.us\/wp-content\/uploads\/Report-Sales-300x255.png",300,255,true],"woocommerce_single":["https:\/\/targetlife.us\/wp-content\/uploads\/Report-Sales-600x510.png",600,510,true],"woocommerce_gallery_thumbnail":["https:\/\/targetlife.us\/wp-content\/uploads\/Report-Sales-150x150.png",150,150,true]},"uagb_author_info":{"display_name":"Vicky Chonburi Nguy\u1ec5n","author_link":"https:\/\/targetlife.us\/vi\/author\/"},"uagb_comment_info":0,"uagb_excerpt":"Unveil Astounding Insights! Dive into the world of numerology to gain a deeper understanding of your customers. Discover how to tailor your sales and services to perfectly resonate with their unique energies and preferences. Elevate your approach and foster strong connections. Get a Demo Reading","_links":{"self":[{"href":"https:\/\/targetlife.us\/vi\/wp-json\/wp\/v2\/product\/1348","targetHints":{"allow":["GET"]}}],"collection":[{"href":"https:\/\/targetlife.us\/vi\/wp-json\/wp\/v2\/product"}],"about":[{"href":"https:\/\/targetlife.us\/vi\/wp-json\/wp\/v2\/types\/product"}],"replies":[{"embeddable":true,"href":"https:\/\/targetlife.us\/vi\/wp-json\/wp\/v2\/comments?post=1348"}],"wp:featuredmedia":[{"embeddable":true,"href":"https:\/\/targetlife.us\/vi\/wp-json\/wp\/v2\/media\/1355"}],"wp:attachment":[{"href":"https:\/\/targetlife.us\/vi\/wp-json\/wp\/v2\/media?parent=1348"}],"wp:term":[{"taxonomy":"product_brand","embeddable":true,"href":"https:\/\/targetlife.us\/vi\/wp-json\/wp\/v2\/product_brand?post=1348"},{"taxonomy":"product_cat","embeddable":true,"href":"https:\/\/targetlife.us\/vi\/wp-json\/wp\/v2\/product_cat?post=1348"},{"taxonomy":"product_tag","embeddable":true,"href":"https:\/\/targetlife.us\/vi\/wp-json\/wp\/v2\/product_tag?post=1348"}],"curies":[{"name":"wp","href":"https:\/\/api.w.org\/{rel}","templated":true}]}}