{"id":1349,"date":"2024-02-01T08:00:51","date_gmt":"2024-02-01T08:00:51","guid":{"rendered":"https:\/\/targetlife.us\/?post_type=product&#038;p=1349"},"modified":"2024-02-03T08:04:50","modified_gmt":"2024-02-03T08:04:50","slug":"career-orientation","status":"publish","type":"product","link":"https:\/\/targetlife.us\/vi\/san-pham\/career-orientation\/","title":{"rendered":"C\u01a1 H\u1ed9i Ngh\u1ec1 Nghi\u1ec7p"},"content":{"rendered":"<p style=\"text-align: left;\"><strong>S\u1ef1 r\u00f5 r\u00e0ng v\u1ec1 ngh\u1ec1 nghi\u1ec7p v\u00e0 theo \u0111u\u1ed5i kh\u1edfi nghi\u1ec7p<\/strong><\/p>\n<p>\u0110\u1ecbnh h\u01b0\u1edbng b\u1ed1i c\u1ea3nh ngh\u1ec1 nghi\u1ec7p m\u1ed9t c\u00e1ch hi\u1ec7u qu\u1ea3 \u0111\u1ea3m b\u1ea3o n\u1ed7 l\u1ef1c c\u1ee7a ch\u00fang ta \u0111\u01b0\u1ee3c chi ti\u00eau h\u1ee3p l\u00fd v\u00e0 ni\u1ec1m \u0111am m\u00ea \u0111\u01b0\u1ee3c \u0111i\u1ec1u ch\u1ec9nh. S\u1ed1 h\u1ecdc, m\u1ed9t nh\u00e1nh gi\u1ea3i m\u00e3 s\u1ef1 rung \u0111\u1ed9ng c\u1ee7a c\u00e1c con s\u1ed1, cung c\u1ea5p nh\u1eefng hi\u1ec3u bi\u1ebft c\u00f3 gi\u00e1 tr\u1ecb v\u1ec1 con \u0111\u01b0\u1eddng s\u1ef1 nghi\u1ec7p ph\u00f9 h\u1ee3p. Vi\u1ec7c ph\u00e2n t\u00edch t\u00ean v\u00e0 s\u1ed1 ng\u00e0y sinh s\u1ebd \u0111\u01b0a ra \u0111\u1ecbnh h\u01b0\u1edbng, khi\u1ebfn n\u00f3 tr\u1edf th\u00e0nh m\u1ed9t c\u00f4ng c\u1ee5 v\u00f4 gi\u00e1 cho nh\u1eefng ng\u01b0\u1eddi \u0111ang t\u00ecm ki\u1ebfm m\u1ee5c \u0111\u00edch trong cu\u1ed9c s\u1ed1ng ngh\u1ec1 nghi\u1ec7p c\u1ee7a m\u00ecnh.<\/p>\n<p>H\u01a1n n\u1eefa, s\u1edf th\u00edch v\u00e0 t\u00e0i n\u0103ng c\u00e1 nh\u00e2n c\u00f2n c\u00f3 ti\u1ec1m n\u0103ng kinh doanh. S\u1edf th\u00edch c\u1ee7a ch\u00fang ta th\u01b0\u1eddng ph\u1ea3n \u00e1nh nh\u1eefng \u0111am m\u00ea v\u00e0 k\u1ef9 n\u0103ng s\u00e2u s\u1eafc h\u01a1n. B\u1eb1ng c\u00e1ch khai th\u00e1c nh\u1eefng l\u0129nh v\u1ef1c n\u00e0y, ch\u00fang ta c\u00f3 th\u1ec3 bi\u1ebfn s\u1edf th\u00edch th\u00e0nh nh\u1eefng ho\u1ea1t \u0111\u1ed9ng kinh doanh c\u00f3 l\u1ee3i nhu\u1eadn. S\u1ef1 k\u1ebft h\u1ee3p gi\u1eefa ni\u1ec1m vui v\u00e0 vi\u1ec7c t\u1ea1o ra gi\u00e1 tr\u1ecb s\u1ebd th\u00fac \u0111\u1ea9y t\u0103ng tr\u01b0\u1edfng, \u0111\u01b0a ra con \u0111\u01b0\u1eddng d\u1eabn \u0111\u1ebfn s\u1ef1 th\u1ecfa m\u00e3n v\u1ec1 m\u1eb7t c\u00e1 nh\u00e2n v\u00e0 t\u00e0i ch\u00ednh.<\/p>\n<p>V\u1ec1 b\u1ea3n ch\u1ea5t, s\u1ef1 li\u00ean k\u1ebft ngh\u1ec1 nghi\u1ec7p s\u1ebd t\u1ed1i \u0111a h\u00f3a n\u0103ng su\u1ea5t v\u00e0 s\u1ef1 h\u00e0i l\u00f2ng. S\u1ed1 h\u1ecdc soi s\u00e1ng nh\u1eefng l\u1ef1a ch\u1ecdn ngh\u1ec1 nghi\u1ec7p v\u00e0 nu\u00f4i d\u01b0\u1ee1ng ni\u1ec1m \u0111am m\u00ea m\u1edf \u0111\u01b0\u1eddng cho nh\u1eefng m\u1ee5c ti\u00eau kinh doanh h\u00e0i h\u00f2a.<\/p>\n<ul>\n<li>S\u1ee9c m\u1ea1nh c\u1ee7a s\u1ed1 h\u1ecdc trong l\u1ef1a ch\u1ecdn ngh\u1ec1 nghi\u1ec7p<\/li>\n<li>Hi\u1ec3u r\u00f5 \u0111i\u1ec3m m\u1ea1nh v\u00e0 s\u1edf th\u00edch c\u1ee7a b\u1ea1n<\/li>\n<li>Vai tr\u00f2 c\u1ee7a S\u1ed1 h\u1ecdc trong \u0110\u1ecbnh h\u01b0\u1edbng ngh\u1ec1 nghi\u1ec7p<\/li>\n<li>Kh\u00e1m ph\u00e1 c\u00e1c l\u1ef1a ch\u1ecdn ngh\u1ec1 nghi\u1ec7p kh\u00e1c nhau<\/li>\n<li>L\u1eddi khuy\u00ean \u0111\u1ec3 k\u1ebft h\u1ee3p s\u1ed1 h\u1ecdc v\u00e0o k\u1ebf ho\u1ea1ch ngh\u1ec1 nghi\u1ec7p<\/li>\n<\/ul>\n<p>M\u1edf kh\u00f3a th\u00e0nh c\u00f4ng trong s\u1ef1 nghi\u1ec7p v\u1edbi S\u1ed1 h\u1ecdc d\u00e0nh cho ng\u01b0\u1eddi l\u1edbn.<\/p>\n<div class=\"margin-top-25 margin-bottom-50\"><a class=\"si-btn btn-small btn-primary\" href=\"https:\/\/targetlife.us\/vi\/numerology\/career\/\">Get a Demo Reading<\/a><\/div>","protected":false},"excerpt":{"rendered":"<p>Gi\u1ea3i m\u00e3 m\u00e3 \u0111\u1ec3 th\u00e0nh c\u00f4ng, ti\u1ebft l\u1ed9 nh\u1eefng con s\u1ed1 tr\u00ean con \u0111\u01b0\u1eddng c\u1ee7a b\u1ea1n \u0111\u1ec3 c\u00f3 \u0111\u01b0\u1ee3c s\u1ef1 nghi\u1ec7p r\u00f5 r\u00e0ng! Kh\u00e1m ph\u00e1 s\u1ee9c m\u1ea1nh bi\u1ebfn \u0111\u1ed5i c\u1ee7a c\u00e1c con s\u1ed1 khi b\u1ea1n b\u1eaft \u0111\u1ea7u h\u00e0nh tr\u00ecnh l\u1eadp k\u1ebf ho\u1ea1ch ngh\u1ec1 nghi\u1ec7p s\u00e2u s\u1eafc. Nh\u1eefng con s\u1ed1 c\u1ee7a b\u1ea1n n\u1eafm gi\u1eef ch\u00eca kh\u00f3a \u0111\u1ec3 m\u1edf kh\u00f3a ti\u1ec1m n\u0103ng ngh\u1ec1 nghi\u1ec7p th\u1ef1c s\u1ef1 c\u1ee7a b\u1ea1n.<\/p>\n<p><div class=\"margin-top-25 margin-bottom-50\"><a class=\"si-btn btn-small btn-primary\" href=\"https:\/\/targetlife.us\/vi\/numerology\/career\/\">Get a Demo Reading<\/a><\/div>","protected":false},"featured_media":1352,"comment_status":"open","ping_status":"closed","template":"","meta":{"_uag_custom_page_level_css":""},"product_brand":[],"product_cat":[24],"product_tag":[71,26,25,28],"class_list":{"0":"post-1349","1":"product","2":"type-product","3":"status-publish","4":"has-post-thumbnail","6":"product_cat-numerology-reports","7":"product_tag-career-orientation","8":"product_tag-downloadable","9":"product_tag-numerology-report","10":"product_tag-pdf","12":"first","13":"instock","14":"downloadable","15":"virtual","16":"purchasable","17":"product-type-simple"},"uagb_featured_image_src":{"full":["https:\/\/targetlife.us\/wp-content\/uploads\/Report-Career.png",2000,1700,false],"thumbnail":["https:\/\/targetlife.us\/wp-content\/uploads\/Report-Career-150x150.png",150,150,true],"medium":["https:\/\/targetlife.us\/wp-content\/uploads\/Report-Career-300x255.png",300,255,true],"medium_large":["https:\/\/targetlife.us\/wp-content\/uploads\/Report-Career-768x653.png",768,653,true],"large":["https:\/\/targetlife.us\/wp-content\/uploads\/Report-Career-1024x870.png",1024,870,true],"1536x1536":["https:\/\/targetlife.us\/wp-content\/uploads\/Report-Career-1536x1306.png",1536,1306,true],"2048x2048":["https:\/\/targetlife.us\/wp-content\/uploads\/Report-Career.png",2000,1700,false],"trp-custom-language-flag":["https:\/\/targetlife.us\/wp-content\/uploads\/Report-Career.png",14,12,false],"woocommerce_thumbnail":["https:\/\/targetlife.us\/wp-content\/uploads\/Report-Career-300x255.png",300,255,true],"woocommerce_single":["https:\/\/targetlife.us\/wp-content\/uploads\/Report-Career-600x510.png",600,510,true],"woocommerce_gallery_thumbnail":["https:\/\/targetlife.us\/wp-content\/uploads\/Report-Career-150x150.png",150,150,true]},"uagb_author_info":{"display_name":"Vicky Chonburi Nguy\u1ec5n","author_link":"https:\/\/targetlife.us\/vi\/author\/"},"uagb_comment_info":0,"uagb_excerpt":"Crack the Code to Success, Unveil Your Path Numbers for Career Clarity! Discover the transformative power of your numbers as you embark on a journey of insightful career planning. Your numbers hold the key to unlocking your true professional potential. Get a Demo Reading","_links":{"self":[{"href":"https:\/\/targetlife.us\/vi\/wp-json\/wp\/v2\/product\/1349","targetHints":{"allow":["GET"]}}],"collection":[{"href":"https:\/\/targetlife.us\/vi\/wp-json\/wp\/v2\/product"}],"about":[{"href":"https:\/\/targetlife.us\/vi\/wp-json\/wp\/v2\/types\/product"}],"replies":[{"embeddable":true,"href":"https:\/\/targetlife.us\/vi\/wp-json\/wp\/v2\/comments?post=1349"}],"wp:featuredmedia":[{"embeddable":true,"href":"https:\/\/targetlife.us\/vi\/wp-json\/wp\/v2\/media\/1352"}],"wp:attachment":[{"href":"https:\/\/targetlife.us\/vi\/wp-json\/wp\/v2\/media?parent=1349"}],"wp:term":[{"taxonomy":"product_brand","embeddable":true,"href":"https:\/\/targetlife.us\/vi\/wp-json\/wp\/v2\/product_brand?post=1349"},{"taxonomy":"product_cat","embeddable":true,"href":"https:\/\/targetlife.us\/vi\/wp-json\/wp\/v2\/product_cat?post=1349"},{"taxonomy":"product_tag","embeddable":true,"href":"https:\/\/targetlife.us\/vi\/wp-json\/wp\/v2\/product_tag?post=1349"}],"curies":[{"name":"wp","href":"https:\/\/api.w.org\/{rel}","templated":true}]}}