{"id":1350,"date":"2024-02-01T08:04:46","date_gmt":"2024-02-01T08:04:46","guid":{"rendered":"https:\/\/targetlife.us\/?post_type=product&#038;p=1350"},"modified":"2024-02-03T07:56:00","modified_gmt":"2024-02-03T07:56:00","slug":"building-relationships","status":"publish","type":"product","link":"https:\/\/targetlife.us\/vi\/san-pham\/building-relationships\/","title":{"rendered":"X\u00e2y D\u1ef1ng M\u1ed1i Quan H\u1ec7"},"content":{"rendered":"<h3><strong>K\u1ebft n\u1ed1i s\u00e2u s\u1eafc h\u01a1n: V\u01b0\u1ee3t ra ngo\u00e0i \u0111i\u1ec3m chung<\/strong><\/h3>\n<p>M\u1ed1i quan h\u1ec7 kh\u00f4ng ch\u1ec9 l\u00e0 l\u1ee3i \u00edch chung; h\u1ecd \u0111\u00f2i h\u1ecfi s\u1ef1 hi\u1ec3u bi\u1ebft th\u1ef1c s\u1ef1. S\u1ed1 h\u1ecdc cung c\u1ea5p m\u1ed9t ph\u01b0\u01a1ng ph\u00e1p h\u1ea5p d\u1eabn \u0111\u1ec3 nghi\u00ean c\u1ee9u s\u00e2u h\u01a1n. B\u1eb1ng c\u00e1ch gi\u1ea3i m\u00e3 \u00fd ngh\u0129a c\u1ee7a c\u00e1c con s\u1ed1, b\u1ea1n c\u00f3 th\u1ec3 ti\u1ebfp c\u1eadn nh\u1eefng hi\u1ec3u bi\u1ebft \u0111\u1ed9c \u0111\u00e1o v\u1ec1 t\u00ednh c\u00e1ch. Ng\u00e0y sinh v\u00e0 t\u00ean ti\u1ebft l\u1ed9 nh\u1eefng \u0111\u1eb7c \u0111i\u1ec3m ti\u1ec1m \u1ea9n, t\u1ea1o \u0111i\u1ec1u ki\u1ec7n cho nh\u1eefng k\u1ebft n\u1ed1i s\u00e2u s\u1eafc.<\/p>\n<ul>\n<li>T\u00ecm s\u1ef1 t\u01b0\u01a1ng th\u00edch th\u00f4ng qua s\u1ed1 h\u1ecdc<\/li>\n<li>T\u0103ng c\u01b0\u1eddng giao ti\u1ebfp<\/li>\n<li>K\u1ebft n\u1ed1i t\u00ecnh c\u1ea3m s\u00e2u s\u1eafc h\u01a1n<\/li>\n<li>Gi\u1ea3i quy\u1ebft xung \u0111\u1ed9t v\u1edbi s\u1ef1 tr\u1ee3 gi\u00fap c\u1ee7a s\u1ed1 h\u1ecdc<\/li>\n<\/ul>\n<p>K\u1ebft lu\u1eadn: X\u00e2y d\u1ef1ng m\u1ed1i quan h\u1ec7 h\u00e0i h\u00f2a th\u00f4ng qua s\u1ed1 h\u1ecdc.<\/p>\n<div class=\"margin-top-25 margin-bottom-50\"><a class=\"si-btn btn-small btn-primary\" href=\"https:\/\/targetlife.us\/vi\/numerology\/couple\/\">Get a Demo Reading<\/a><\/div>","protected":false},"excerpt":{"rendered":"<p>Nu\u00f4i d\u01b0\u1ee1ng m\u1ed1i li\u00ean k\u1ebft b\u1ec1n ch\u1eb7t: H\u00e0nh tr\u00ecnh x\u00e2y d\u1ef1ng m\u1ed1i quan h\u1ec7. Kh\u00e1m ph\u00e1 c\u00e1c ph\u01b0\u01a1ng ph\u00e1p hi\u1ec7u qu\u1ea3 \u0111\u1ec3 th\u00fac \u0111\u1ea9y c\u00e1c k\u1ebft n\u1ed1i s\u00e2u s\u1eafc v\u00e0 c\u00f3 t\u00e1c \u0111\u1ed9ng. Kh\u00e1m ph\u00e1 ngh\u1ec7 thu\u1eadt nu\u00f4i d\u01b0\u1ee1ng c\u00e1c m\u1ed1i quan h\u1ec7 m\u1ea1nh m\u1ebd v\u00e0 c\u00f3 \u00fd ngh\u0129a \u0111\u1ec3 c\u00f3 m\u1ed9t cu\u1ed9c s\u1ed1ng phong ph\u00fa h\u01a1n.<\/p>\n<div class=\"margin-top-25 margin-bottom-50\"><a class=\"si-btn btn-small btn-light\" href=\"https:\/\/targetlife.us\/vi\/numerology\/couple\/\">Get a Demo Reading<\/a><\/div>","protected":false},"featured_media":1354,"comment_status":"open","ping_status":"closed","template":"","meta":{"_uag_custom_page_level_css":""},"product_brand":[],"product_cat":[24],"product_tag":[72,26,25,28],"class_list":{"0":"post-1350","1":"product","2":"type-product","3":"status-publish","4":"has-post-thumbnail","6":"product_cat-numerology-reports","7":"product_tag-building-relationships","8":"product_tag-downloadable","9":"product_tag-numerology-report","10":"product_tag-pdf","12":"first","13":"instock","14":"downloadable","15":"virtual","16":"purchasable","17":"product-type-simple"},"uagb_featured_image_src":{"full":["https:\/\/targetlife.us\/wp-content\/uploads\/Report-Relationship.png",2000,1700,false],"thumbnail":["https:\/\/targetlife.us\/wp-content\/uploads\/Report-Relationship-150x150.png",150,150,true],"medium":["https:\/\/targetlife.us\/wp-content\/uploads\/Report-Relationship-300x255.png",300,255,true],"medium_large":["https:\/\/targetlife.us\/wp-content\/uploads\/Report-Relationship-768x653.png",768,653,true],"large":["https:\/\/targetlife.us\/wp-content\/uploads\/Report-Relationship-1024x870.png",1024,870,true],"1536x1536":["https:\/\/targetlife.us\/wp-content\/uploads\/Report-Relationship-1536x1306.png",1536,1306,true],"2048x2048":["https:\/\/targetlife.us\/wp-content\/uploads\/Report-Relationship.png",2000,1700,false],"trp-custom-language-flag":["https:\/\/targetlife.us\/wp-content\/uploads\/Report-Relationship.png",14,12,false],"woocommerce_thumbnail":["https:\/\/targetlife.us\/wp-content\/uploads\/Report-Relationship-300x255.png",300,255,true],"woocommerce_single":["https:\/\/targetlife.us\/wp-content\/uploads\/Report-Relationship-600x510.png",600,510,true],"woocommerce_gallery_thumbnail":["https:\/\/targetlife.us\/wp-content\/uploads\/Report-Relationship-150x150.png",150,150,true]},"uagb_author_info":{"display_name":"Vicky Chonburi Nguy\u1ec5n","author_link":"https:\/\/targetlife.us\/vi\/author\/"},"uagb_comment_info":0,"uagb_excerpt":"Cultivate Strong Bonds: The Journey of Relationship Building. Explore effective methods to foster profound and impactful connections. Uncover the art of nurturing powerful and meaningful relationships for a more enriched life. Get a Demo Reading","_links":{"self":[{"href":"https:\/\/targetlife.us\/vi\/wp-json\/wp\/v2\/product\/1350","targetHints":{"allow":["GET"]}}],"collection":[{"href":"https:\/\/targetlife.us\/vi\/wp-json\/wp\/v2\/product"}],"about":[{"href":"https:\/\/targetlife.us\/vi\/wp-json\/wp\/v2\/types\/product"}],"replies":[{"embeddable":true,"href":"https:\/\/targetlife.us\/vi\/wp-json\/wp\/v2\/comments?post=1350"}],"wp:featuredmedia":[{"embeddable":true,"href":"https:\/\/targetlife.us\/vi\/wp-json\/wp\/v2\/media\/1354"}],"wp:attachment":[{"href":"https:\/\/targetlife.us\/vi\/wp-json\/wp\/v2\/media?parent=1350"}],"wp:term":[{"taxonomy":"product_brand","embeddable":true,"href":"https:\/\/targetlife.us\/vi\/wp-json\/wp\/v2\/product_brand?post=1350"},{"taxonomy":"product_cat","embeddable":true,"href":"https:\/\/targetlife.us\/vi\/wp-json\/wp\/v2\/product_cat?post=1350"},{"taxonomy":"product_tag","embeddable":true,"href":"https:\/\/targetlife.us\/vi\/wp-json\/wp\/v2\/product_tag?post=1350"}],"curies":[{"name":"wp","href":"https:\/\/api.w.org\/{rel}","templated":true}]}}